{"id":302,"date":"2023-03-20T11:05:10","date_gmt":"2023-03-20T10:05:10","guid":{"rendered":"https:\/\/ordersend.de\/v4\/?page_id=302"},"modified":"2024-12-15T16:37:21","modified_gmt":"2024-12-15T15:37:21","slug":"funktionen","status":"publish","type":"page","link":"https:\/\/ordersend.de\/v4\/funktionen\/","title":{"rendered":"Funktionen"},"content":{"rendered":"\n<p>Die N\u00e4he zum Kunden ist allen H\u00e4ndlern besonders wichtig. Unsere Softwarel\u00f6sung OrderSend vereinheitlicht und digitalisiert Bestellprozesse, erspart handschriftliche Auflistungen, vermeidet Erfassungsfehler und schafft digitale N\u00e4he zum Kunden. OrderSend ist bereits seit 2018 Bote f\u00fcr die zuverl\u00e4ssige \u00dcbermittlung von Bestelldaten zwischen Kunde und H\u00e4ndler.<\/p>\n\n\n\n<p>F\u00fcr den Bestellvorgang wird die aktuelle digitale H\u00e4ndler-Produktliste genutzt. Die Kunden k\u00f6nnen daraus zu bestellende Produkte ausw\u00e4hlen und in einem digitalen Warenkorb zusammentragen.<\/p>\n\n\n\n<p>Die OrderSend-App unterst\u00fctzt den Scan von GTIN (&#8222;EAN&#8220;) &#8211; Produktbarcodes auch mit der Kamera eines Mobilger\u00e4tes oder \u00fcber externe Barcode-Scanner.\u00a0Eine leistungsstarke Volltextsuche und automatische Favoritenlisten unterst\u00fctzen den Bestellvorgang. Vorlagen erm\u00f6glichen eine komfortable Wiederholung regelm\u00e4\u00dfiger Bestellungen.<\/p>\n\n\n\n<p>Sind die Bestelldaten komplett, wird die Bestellung sicher verschl\u00fcsselt \u00fcber das OrderSend-Portal im gew\u00fcnschten Datenformat an den H\u00e4ndler \u00fcbertragen.<\/p>\n\n\n\n<div class=\"wp-block-columns is-layout-flex wp-container-core-columns-is-layout-9d6595d7 wp-block-columns-is-layout-flex\">\n<div class=\"wp-block-column is-layout-flow wp-block-column-is-layout-flow\">\n<h5 class=\"wp-block-heading\"><strong>Plattformunabh\u00e4ngig<\/strong><\/h5>\n\n\n\n<p>OrderSend steht als moderne Cloudanwendung (SaaS) zur Nutzung im Browser auf verschiedensten Endger\u00e4ten, wie Mobiltelefonen, Tablets oder PCs zur Verf\u00fcgung.<\/p>\n<\/div>\n\n\n\n<div class=\"wp-block-column is-layout-flow wp-block-column-is-layout-flow\">\n<h5 class=\"wp-block-heading\"><strong>Erfassen von Barcodes<\/strong><\/h5>\n\n\n\n<p>Verf\u00fcgt das Ger\u00e4t, auf dem die App ausgef\u00fchrt wird, \u00fcber eine Kamera, kann mit dieser der EAN-Produktbarcode von zu bestellenden Produkten erfasst werden. OrderSend unterst\u00fctzt mit einem komfortablen Scanmodus aber auch die einfache Nutzung externer Barcode Scanner.<\/p>\n<\/div>\n\n\n\n<div class=\"wp-block-column is-layout-flow wp-block-column-is-layout-flow\">\n<h5 class=\"wp-block-heading\"><strong>Intelligente Volltextsuche<\/strong><\/h5>\n\n\n\n<p>In der App kann direkt nach beliebigen Produktdetails, wie Herstellernummer oder Bezeichnung gesucht werden. Mit Matchcodes k\u00f6nnen weitere sinnvolle Suchbegriffe pro Produkt angereichert werden.<\/p>\n<\/div>\n<\/div>\n\n\n\n<div class=\"wp-block-columns is-layout-flex wp-container-core-columns-is-layout-9d6595d7 wp-block-columns-is-layout-flex\">\n<div class=\"wp-block-column is-layout-flow wp-block-column-is-layout-flow\">\n<h5 class=\"wp-block-heading\"><strong>Automatische Favoritenlisten<\/strong><\/h5>\n\n\n\n<p>Aus den Bestelldaten der letzten 30 Tage bereitet die App die automatischen Favoritenlisten \u201eZuletzt bestellt\u201c und \u201eOft bestellt\u201c auf. Favoriten-Gruppen k\u00f6nnen farbig markiert werden und in Listen entsprechend hervorgehoben werden. Produkte k\u00f6nnen auf der Startseite vorgestellt werden.<\/p>\n<\/div>\n\n\n\n<div class=\"wp-block-column is-layout-flow wp-block-column-is-layout-flow\">\n<h5 class=\"wp-block-heading\"><strong>Offlinebetrieb<\/strong><\/h5>\n\n\n\n<p>Nach der Anmeldung an der App und einer Aktualisierung der hinterlegten H\u00e4ndler-Produktliste wird kein weiterer Zugriff auf das Internet ben\u00f6tigt, um die zu bestellenden Produkte in einem digitalen Warenkorb abzulegen. Auch der Scan von EAN-Produktbarcodes ben\u00f6tigt keine Verbindung zum Internet.<\/p>\n<\/div>\n\n\n\n<div class=\"wp-block-column is-layout-flow wp-block-column-is-layout-flow\">\n<h5 class=\"wp-block-heading\"><strong>Bestellvorlagen<\/strong><\/h5>\n\n\n\n<p>F\u00fcr regelm\u00e4\u00dfig wiederkehrende Bestellungen k\u00f6nnen Bestellvorlagen angelegt werden, die bei Bedarf schnell in den digitalen Warenkorb \u00fcbertragen werden k\u00f6nnen.<\/p>\n<\/div>\n<\/div>\n\n\n\n<div class=\"wp-block-columns is-layout-flex wp-container-core-columns-is-layout-9d6595d7 wp-block-columns-is-layout-flex\">\n<div class=\"wp-block-column is-layout-flow wp-block-column-is-layout-flow\">\n<h5 class=\"wp-block-heading\"><strong>Zugriff auf die letzten Bestellungen<\/strong><\/h5>\n\n\n\n<p>Die Daten aller \u00fcber OrderSend f\u00fcr den Kunden abgewickelten Bestellungen stehen noch f\u00fcr 30 Tage in der App zur Verf\u00fcgung. So k\u00f6nnen daf\u00fcr Wareneing\u00e4nge registriert oder die Bestellung bei Bedarf einfach nochmals gesendet werden.<\/p>\n<\/div>\n\n\n\n<div class=\"wp-block-column is-layout-flow wp-block-column-is-layout-flow\">\n<h5 class=\"wp-block-heading\"><strong>GTIN-Barcodes drucken<\/strong><\/h5>\n\n\n\n<p>Zur Beschriftung von Lagerregalen k\u00f6nnen direkt aus der App heraus GTIN(EAN)-Produktbarcodes gedruckt werden. Auch die seitenweise gestaltete Ausgabe von Produktbarcodes ist innerhalb der App m\u00f6glich.<\/p>\n<\/div>\n\n\n\n<div class=\"wp-block-column is-layout-flow wp-block-column-is-layout-flow\">\n<h5 class=\"wp-block-heading\"><strong>Mehrsprachig<\/strong><\/h5>\n\n\n\n<p>Die Texte der Bedienelemente der App sind mehrsprachig angelegt.<\/p>\n<\/div>\n<\/div>\n\n\n\n<div class=\"wp-block-columns is-layout-flex wp-container-core-columns-is-layout-9d6595d7 wp-block-columns-is-layout-flex\">\n<div class=\"wp-block-column is-layout-flow wp-block-column-is-layout-flow\">\n<h5 class=\"wp-block-heading\"><strong>Individuelles Branding der App m\u00f6glich<\/strong><\/h5>\n\n\n\n<p>H\u00e4ndler k\u00f6nnen die Apps mit Firmenfarben und Firmenlogo individualisieren. Sprechen Sie unser Team an.<\/p>\n<\/div>\n\n\n\n<div class=\"wp-block-column is-layout-flow wp-block-column-is-layout-flow\">\n<h5 class=\"wp-block-heading\"><strong>R\u00fcckmeldungen zum Bestellstatus<\/strong><\/h5>\n\n\n\n<p>Dem Kunden k\u00f6nnen in der App Daten zum Bestellstatus angezeigt werden werden. Der H\u00e4ndler kann so eine sp\u00e4tere Lieferung oder die Lieferung eines Ersatzproduktes signalisieren.<\/p>\n<\/div>\n\n\n\n<div class=\"wp-block-column is-layout-flow wp-block-column-is-layout-flow\">\n<h5 class=\"wp-block-heading\"><strong>Bearbeitung von Bestellungen<\/strong><\/h5>\n\n\n\n<p>F\u00fcr den H\u00e4ndler wurde ein zentrales Dashboard integriert, mit dessen Tools die Bestellungen aller Kunden eingesehen und in eigene Systeme \u00fcbertragen werden k\u00f6nnen.<\/p>\n<\/div>\n<\/div>\n\n\n\n<p><strong>Weitere Funktionen:<\/strong><\/p>\n\n\n\n<ul class=\"wp-block-list\">\n<li>Bestellbest\u00e4tigung per E-Mail<\/li>\n\n\n\n<li>Bereitstellung von Bestelldaten in vielen Datenformaten (Excel, CSV, PDF, XML)<\/li>\n\n\n\n<li>Einfache Bestandsf\u00fchrung in der App<\/li>\n\n\n\n<li>Unterst\u00fctzungsfunktionen f\u00fcr Au\u00dfendienstmitarbeitende des H\u00e4ndlers<\/li>\n\n\n\n<li>Erg\u00e4nzung von fehlenden GTIN\/EAN-Daten beim Produktlistenimport<\/li>\n\n\n\n<li>Optional: Anzeige der Verf\u00fcgbarkeit im H\u00e4ndler-Lager, Produktbilder, Split-Bestellungen<\/li>\n\n\n\n<li>Umfangreiche statistische Auswertung<\/li>\n\n\n\n<li>Einfache, transparente monatliche Abrechnung der App nach individueller Nutzung<\/li>\n<\/ul>\n","protected":false},"excerpt":{"rendered":"<p>Die N\u00e4he zum Kunden ist allen H\u00e4ndlern besonders wichtig. Unsere Softwarel\u00f6sung OrderSend vereinheitlicht und digitalisiert Bestellprozesse, erspart handschriftliche Auflistungen, vermeidet Erfassungsfehler und schafft digitale N\u00e4he zum Kunden. OrderSend ist bereits seit 2018 Bote f\u00fcr die zuverl\u00e4ssige \u00dcbermittlung von Bestelldaten zwischen Kunde und H\u00e4ndler. F\u00fcr den Bestellvorgang wird die aktuelle digitale &hellip;<\/p>\n","protected":false},"author":1,"featured_media":0,"parent":0,"menu_order":0,"comment_status":"closed","ping_status":"closed","template":"","meta":{"footnotes":""},"class_list":["post-302","page","type-page","status-publish","hentry"],"yoast_head":"<!-- This site is optimized with the Yoast SEO plugin v27.4 - https:\/\/yoast.com\/product\/yoast-seo-wordpress\/ -->\n<title>Funktionen - OrderSend<\/title>\n<meta name=\"robots\" content=\"index, follow, max-snippet:-1, max-image-preview:large, max-video-preview:-1\" \/>\n<link rel=\"canonical\" href=\"https:\/\/ordersend.de\/v4\/funktionen\/\" \/>\n<meta property=\"og:locale\" content=\"de_DE\" \/>\n<meta property=\"og:type\" content=\"article\" \/>\n<meta property=\"og:title\" content=\"Funktionen - OrderSend\" \/>\n<meta property=\"og:description\" content=\"Die N\u00e4he zum Kunden ist allen H\u00e4ndlern besonders wichtig. Unsere Softwarel\u00f6sung OrderSend vereinheitlicht und digitalisiert Bestellprozesse, erspart handschriftliche Auflistungen, vermeidet Erfassungsfehler und schafft digitale N\u00e4he zum Kunden. OrderSend ist bereits seit 2018 Bote f\u00fcr die zuverl\u00e4ssige \u00dcbermittlung von Bestelldaten zwischen Kunde und H\u00e4ndler. F\u00fcr den Bestellvorgang wird die aktuelle digitale &hellip;\" \/>\n<meta property=\"og:url\" content=\"https:\/\/ordersend.de\/v4\/funktionen\/\" \/>\n<meta property=\"og:site_name\" content=\"OrderSend\" \/>\n<meta property=\"article:modified_time\" content=\"2024-12-15T15:37:21+00:00\" \/>\n<meta name=\"twitter:card\" content=\"summary_large_image\" \/>\n<meta name=\"twitter:label1\" content=\"Gesch\u00e4tzte Lesezeit\" \/>\n\t<meta name=\"twitter:data1\" content=\"3\u00a0Minuten\" \/>\n<script type=\"application\/ld+json\" class=\"yoast-schema-graph\">{\"@context\":\"https:\\\/\\\/schema.org\",\"@graph\":[{\"@type\":\"WebPage\",\"@id\":\"https:\\\/\\\/ordersend.de\\\/v4\\\/funktionen\\\/\",\"url\":\"https:\\\/\\\/ordersend.de\\\/v4\\\/funktionen\\\/\",\"name\":\"Funktionen - OrderSend\",\"isPartOf\":{\"@id\":\"https:\\\/\\\/ordersend.de\\\/v4\\\/#website\"},\"datePublished\":\"2023-03-20T10:05:10+00:00\",\"dateModified\":\"2024-12-15T15:37:21+00:00\",\"breadcrumb\":{\"@id\":\"https:\\\/\\\/ordersend.de\\\/v4\\\/funktionen\\\/#breadcrumb\"},\"inLanguage\":\"de\",\"potentialAction\":[{\"@type\":\"ReadAction\",\"target\":[\"https:\\\/\\\/ordersend.de\\\/v4\\\/funktionen\\\/\"]}]},{\"@type\":\"BreadcrumbList\",\"@id\":\"https:\\\/\\\/ordersend.de\\\/v4\\\/funktionen\\\/#breadcrumb\",\"itemListElement\":[{\"@type\":\"ListItem\",\"position\":1,\"name\":\"Startseite\",\"item\":\"https:\\\/\\\/ordersend.de\\\/v4\\\/\"},{\"@type\":\"ListItem\",\"position\":2,\"name\":\"Funktionen\"}]},{\"@type\":\"WebSite\",\"@id\":\"https:\\\/\\\/ordersend.de\\\/v4\\\/#website\",\"url\":\"https:\\\/\\\/ordersend.de\\\/v4\\\/\",\"name\":\"OrderSend\",\"description\":\"Ihre digitale Bestell-App\",\"publisher\":{\"@id\":\"https:\\\/\\\/ordersend.de\\\/v4\\\/#organization\"},\"potentialAction\":[{\"@type\":\"SearchAction\",\"target\":{\"@type\":\"EntryPoint\",\"urlTemplate\":\"https:\\\/\\\/ordersend.de\\\/v4\\\/?s={search_term_string}\"},\"query-input\":{\"@type\":\"PropertyValueSpecification\",\"valueRequired\":true,\"valueName\":\"search_term_string\"}}],\"inLanguage\":\"de\"},{\"@type\":\"Organization\",\"@id\":\"https:\\\/\\\/ordersend.de\\\/v4\\\/#organization\",\"name\":\"OrderSend\",\"url\":\"https:\\\/\\\/ordersend.de\\\/v4\\\/\",\"logo\":{\"@type\":\"ImageObject\",\"inLanguage\":\"de\",\"@id\":\"https:\\\/\\\/ordersend.de\\\/v4\\\/#\\\/schema\\\/logo\\\/image\\\/\",\"url\":\"https:\\\/\\\/ordersend.de\\\/v4\\\/wp-content\\\/uploads\\\/ordersend_logo_2022_180_w.svg\",\"contentUrl\":\"https:\\\/\\\/ordersend.de\\\/v4\\\/wp-content\\\/uploads\\\/ordersend_logo_2022_180_w.svg\",\"width\":2080,\"height\":575,\"caption\":\"OrderSend\"},\"image\":{\"@id\":\"https:\\\/\\\/ordersend.de\\\/v4\\\/#\\\/schema\\\/logo\\\/image\\\/\"}}]}<\/script>\n<!-- \/ Yoast SEO plugin. -->","yoast_head_json":{"title":"Funktionen - OrderSend","robots":{"index":"index","follow":"follow","max-snippet":"max-snippet:-1","max-image-preview":"max-image-preview:large","max-video-preview":"max-video-preview:-1"},"canonical":"https:\/\/ordersend.de\/v4\/funktionen\/","og_locale":"de_DE","og_type":"article","og_title":"Funktionen - OrderSend","og_description":"Die N\u00e4he zum Kunden ist allen H\u00e4ndlern besonders wichtig. Unsere Softwarel\u00f6sung OrderSend vereinheitlicht und digitalisiert Bestellprozesse, erspart handschriftliche Auflistungen, vermeidet Erfassungsfehler und schafft digitale N\u00e4he zum Kunden. OrderSend ist bereits seit 2018 Bote f\u00fcr die zuverl\u00e4ssige \u00dcbermittlung von Bestelldaten zwischen Kunde und H\u00e4ndler. F\u00fcr den Bestellvorgang wird die aktuelle digitale &hellip;","og_url":"https:\/\/ordersend.de\/v4\/funktionen\/","og_site_name":"OrderSend","article_modified_time":"2024-12-15T15:37:21+00:00","twitter_card":"summary_large_image","twitter_misc":{"Gesch\u00e4tzte Lesezeit":"3\u00a0Minuten"},"schema":{"@context":"https:\/\/schema.org","@graph":[{"@type":"WebPage","@id":"https:\/\/ordersend.de\/v4\/funktionen\/","url":"https:\/\/ordersend.de\/v4\/funktionen\/","name":"Funktionen - OrderSend","isPartOf":{"@id":"https:\/\/ordersend.de\/v4\/#website"},"datePublished":"2023-03-20T10:05:10+00:00","dateModified":"2024-12-15T15:37:21+00:00","breadcrumb":{"@id":"https:\/\/ordersend.de\/v4\/funktionen\/#breadcrumb"},"inLanguage":"de","potentialAction":[{"@type":"ReadAction","target":["https:\/\/ordersend.de\/v4\/funktionen\/"]}]},{"@type":"BreadcrumbList","@id":"https:\/\/ordersend.de\/v4\/funktionen\/#breadcrumb","itemListElement":[{"@type":"ListItem","position":1,"name":"Startseite","item":"https:\/\/ordersend.de\/v4\/"},{"@type":"ListItem","position":2,"name":"Funktionen"}]},{"@type":"WebSite","@id":"https:\/\/ordersend.de\/v4\/#website","url":"https:\/\/ordersend.de\/v4\/","name":"OrderSend","description":"Ihre digitale Bestell-App","publisher":{"@id":"https:\/\/ordersend.de\/v4\/#organization"},"potentialAction":[{"@type":"SearchAction","target":{"@type":"EntryPoint","urlTemplate":"https:\/\/ordersend.de\/v4\/?s={search_term_string}"},"query-input":{"@type":"PropertyValueSpecification","valueRequired":true,"valueName":"search_term_string"}}],"inLanguage":"de"},{"@type":"Organization","@id":"https:\/\/ordersend.de\/v4\/#organization","name":"OrderSend","url":"https:\/\/ordersend.de\/v4\/","logo":{"@type":"ImageObject","inLanguage":"de","@id":"https:\/\/ordersend.de\/v4\/#\/schema\/logo\/image\/","url":"https:\/\/ordersend.de\/v4\/wp-content\/uploads\/ordersend_logo_2022_180_w.svg","contentUrl":"https:\/\/ordersend.de\/v4\/wp-content\/uploads\/ordersend_logo_2022_180_w.svg","width":2080,"height":575,"caption":"OrderSend"},"image":{"@id":"https:\/\/ordersend.de\/v4\/#\/schema\/logo\/image\/"}}]}},"_links":{"self":[{"href":"https:\/\/ordersend.de\/v4\/wp-json\/wp\/v2\/pages\/302","targetHints":{"allow":["GET"]}}],"collection":[{"href":"https:\/\/ordersend.de\/v4\/wp-json\/wp\/v2\/pages"}],"about":[{"href":"https:\/\/ordersend.de\/v4\/wp-json\/wp\/v2\/types\/page"}],"author":[{"embeddable":true,"href":"https:\/\/ordersend.de\/v4\/wp-json\/wp\/v2\/users\/1"}],"replies":[{"embeddable":true,"href":"https:\/\/ordersend.de\/v4\/wp-json\/wp\/v2\/comments?post=302"}],"version-history":[{"count":10,"href":"https:\/\/ordersend.de\/v4\/wp-json\/wp\/v2\/pages\/302\/revisions"}],"predecessor-version":[{"id":831,"href":"https:\/\/ordersend.de\/v4\/wp-json\/wp\/v2\/pages\/302\/revisions\/831"}],"wp:attachment":[{"href":"https:\/\/ordersend.de\/v4\/wp-json\/wp\/v2\/media?parent=302"}],"curies":[{"name":"wp","href":"https:\/\/api.w.org\/{rel}","templated":true}]}}