{"id":484,"date":"2023-03-29T12:44:50","date_gmt":"2023-03-29T10:44:50","guid":{"rendered":"https:\/\/ordersend.de\/v4\/?page_id=484"},"modified":"2023-03-30T11:37:36","modified_gmt":"2023-03-30T09:37:36","slug":"bestellen-mit-ordersend","status":"publish","type":"page","link":"https:\/\/ordersend.de\/v4\/bestellen-mit-ordersend\/","title":{"rendered":"Bestellen mit OrderSend"},"content":{"rendered":"\n<p>Rufen Sie die Internetseite&nbsp;<a href=\"https:\/\/ordersend.app\" target=\"_blank\" rel=\"noreferrer noopener\">https:\/\/ordersend.app<\/a>&nbsp;in einem beliebigen Internet Browser auf.<\/p>\n\n\n\n<blockquote class=\"wp-block-quote is-layout-flow wp-block-quote-is-layout-flow\">\n<p><em>Wir haben OrderSend f\u00fcr Sie als flexible Webanwendung programmiert. So k\u00f6nnen Sie die \u201eInternetseite\u201c mit jedem aktuellen Browser, wie Microsoft Edge, Google Chrome, Apple Safari oder Mozilla Firefox nutzen. \u00dcberall wo ein solcher Browser l\u00e4uft, funktioniert auch OrderSend. Also auf Smartphone, Tablet oder PC.<\/em><\/p>\n<\/blockquote>\n\n\n\n<p>Melden Sie sich mit den von Ihrem H\u00e4ndler bereitgestellten Zugangsdaten f\u00fcr die Nutzung der OrderSend App an. Als Benutzername wird vom H\u00e4ndler \u00fcblicherweise Ihre pers\u00f6nliche E-Mailadresse verwendet.<\/p>\n\n\n\n<blockquote class=\"wp-block-quote is-layout-flow wp-block-quote-is-layout-flow\">\n<p><em>Damit Sie OrderSend komfortabel benutzen k\u00f6nnen, haben wir die Einstellung \u201eDiesem Ger\u00e4t vertrauen\u201c integriert, die eine Anmeldung an der App \u00fcberfl\u00fcssig macht. Trotzdem k\u00f6nnen Sie sicher und einfach mit unserer App bei Ihrem H\u00e4ndler bestellen.<\/em><\/p>\n<\/blockquote>\n\n\n\n<p>Nach der erfolgreichen Anmeldung k\u00f6nnen Sie sofort die zu bestellenden Produkte aus der aktuellen H\u00e4ndler Produktliste auf mehrere Arten finden:<\/p>\n\n\n\n<ul class=\"wp-block-list\">\n<li><a href=\"https:\/\/ordersend.de\/v4\/volltextsuche\/\" data-type=\"page\" data-id=\"512\">Suche \u00fcber Produktname, Herstellernummer oder H\u00e4ndler Artikelnummer in der Produktliste<\/a><\/li>\n\n\n\n<li><a href=\"https:\/\/ordersend.de\/v4\/favoriten-listen\/\" data-type=\"page\" data-id=\"515\">Auswahl aus den beim Start der App angezeigten Favoritenlisten \u201eOft bestellt\u201c und \u201eZuletzt bestellt\u201c<\/a><\/li>\n\n\n\n<li><a href=\"https:\/\/ordersend.de\/v4\/meine-favoriten\/\" data-type=\"page\" data-id=\"518\">Auswahl aus der Favoritenliste \u201eMeine Favoriten\u201c<\/a><\/li>\n\n\n\n<li><a href=\"https:\/\/ordersend.de\/v4\/bestandsfuehrung-2\/\" data-type=\"page\" data-id=\"521\">Auswahl aus der Liste \u201eBestellvorschlag\u201c<\/a><\/li>\n\n\n\n<li><a href=\"https:\/\/ordersend.de\/v4\/barcode-scan\/\" data-type=\"page\" data-id=\"524\">Scan des EAN Produktbarcodes mit der Kamera des verwendeten Ger\u00e4tes oder \u00fcber einen angeschlossenen externen Barcode Scanner<\/a><\/li>\n\n\n\n<li><a href=\"https:\/\/ordersend.de\/v4\/letzte-bestellungen\/\" data-type=\"page\" data-id=\"493\">Wiederholung einer der letzten Bestellungen<\/a><\/li>\n\n\n\n<li><a href=\"https:\/\/ordersend.de\/v4\/bestellvorlagen\/\" data-type=\"page\" data-id=\"496\">Nutzung einer gespeicherten Bestellvorlage<\/a><\/li>\n<\/ul>\n\n\n\n<p>Haben Sie das zu bestellende Produkt mit einer der vorstehend aufgef\u00fchrten Methoden gefunden, legen Sie das gefundene Produkt mit der Angabe der ben\u00f6tigten Menge im digitalen Warenkorb der OrderSend-App ab. M\u00f6chten Sie dem H\u00e4ndler noch etwas zur Bestellung dieses Produktes mitteilen, nutzen Sie das ebenfalls an dieser Stelle eingeblendete Kommentarfeld.<\/p>\n\n\n\n<blockquote class=\"wp-block-quote is-layout-flow wp-block-quote-is-layout-flow\">\n<p><em>Mit der Integration einer einfachen Lagerverwaltung haben wir bei der Entwicklung der OrderSend App dem Wunsch von Nutzern aus Kleinstunternehmen entsprochen. Sie finden diese Funktion als Registerkarte \u201eLager\u201c jeweils im Dialog der Mengeneingabe. Hier k\u00f6nnen Sie das aktuelle Produkt auch zu Ihrem \u201eFavoriten\u201c machen. Nutzen Sie die Farbkategorien, um Produkte in Listen hervorzuheben.<\/em><\/p>\n<\/blockquote>\n\n\n<div class=\"wp-block-image\">\n<figure class=\"alignright size-full\"><img loading=\"lazy\" decoding=\"async\" width=\"485\" height=\"129\" src=\"https:\/\/ordersend.de\/v4\/wp-content\/uploads\/menue.jpg\" alt=\"\" class=\"wp-image-562\" srcset=\"https:\/\/ordersend.de\/v4\/wp-content\/uploads\/menue.jpg 485w, https:\/\/ordersend.de\/v4\/wp-content\/uploads\/menue-300x80.jpg 300w, https:\/\/ordersend.de\/v4\/wp-content\/uploads\/menue-480x129.jpg 480w\" sizes=\"auto, (max-width: 485px) 100vw, 485px\" \/><figcaption class=\"wp-element-caption\">Men\u00fc<\/figcaption><\/figure><\/div>\n\n\n<p>Haben Sie alle Produkte im digitalen Warenkorb abgelegt, pr\u00fcfen Sie bitte die zu bestellenden Mengen \u00fcber Klick im Men\u00fc auf &#8222;Warenkorb&#8220;. Alle zu bestellenden Produkte werden hier aufgelistet. Berichtigen Sie diese Angaben, wenn erforderlich mit Klick bzw. Tipp auf den entsprechenden Eintrag. Ist alles korrekt, klicken\/tippen Sie im Men\u00fc auf \u201eBestellen&#8220;.<\/p>\n\n\n\n<p>Geben Sie nun \u2013 wenn gew\u00fcnscht \u2013 noch einen Kommentar zu Ihrer Bestellung an und klicken Sie auf \u201eBestellung senden\u201c.<\/p>\n\n\n\n<blockquote class=\"wp-block-quote is-layout-flow wp-block-quote-is-layout-flow\">\n<p><strong>Wichtiger Hinweis:<\/strong>&nbsp;<em>Bitte beachten Sie, dass zur Anmeldung und f\u00fcr den Versand der Bestellung eine Internetverbindung erforderlich ist.<\/em><\/p>\n\n\n\n<p><em>Die \u201eOffline\u201c-Funktionalit\u00e4t der OrderSend App stand ganz oben auf der Anforderungsliste. Viele Nutzer haben keine ausreichende WLAN-Abdeckung in Ihren Lagerbereichen, um auf die H\u00e4ndlerdaten st\u00e4ndig \u00fcber das Internet zuzugreifen. Darum legt OrderSend diese beim Start der App standardm\u00e4\u00dfig auf dem Ger\u00e4t lokal (\u201eCookie\u201c) ab und verwendet diese Daten zum Zusammentragen der Bestellung.<\/em><\/p>\n<\/blockquote>\n\n\n\n<blockquote class=\"wp-block-quote is-layout-flow wp-block-quote-is-layout-flow\">\n<p>Optional kann mit der Einstellung \u201eGlobaler Warenkorb\u201c der Inhalt des digitalen Warenkorbes online synchronisiert werden, so dass dieser auf unterschiedlichen Ger\u00e4ten (z. B. PC und Mobiltelefon) weiter bearbeitet werden kann. Um die aktive Sitzung der OrderSend-App des PC auf einem Mobiltelefon zu \u00fcbernehmen, kann der nach \u00d6ffnen des Men\u00fcs eingeblendete QR-Code mit der Kamera des Mobiltelefons gescannt werden. Dann k\u00f6nnen weitere Produkte mit der Mobiltelefonkamera in OrderSend gescannt werden. Der Warenkorb wird auf dem PC mit den \u00fcber das Mobiltelefon erfassten Produkten erg\u00e4nzt, wenn unterhalb des QR-Codes im Men\u00fc auf &#8222;Aktualisieren&#8220; geklickt wird. <\/p>\n\n\n\n<p>Tipp: Hier ist es wichtig, die Sitzung auf dem Mobiltelefon zuvor <strong>nicht<\/strong> zu beenden. Pro App ist die gleichzeitige Nutzung auf mehreren Endger\u00e4ten nicht vorgesehen. Wird die Sitzung beendet, k\u00f6nnten Sie z. B. eine Bestellung nicht mehr versenden. Aber hier hilft eine erneute Anmeldung auf dem aktuell verwendeten Ger\u00e4t. Dabei werden die Sitzungen auf allen andern Ger\u00e4ten abgemeldet.<\/p>\n<\/blockquote>\n\n\n\n<p>Wurde die Bestellung vom OrderSend Server erfolgreich empfangen, wird Ihnen eine individuelle, fortlaufende OrderSend-Vorgangsnummer in der App angezeigt. Im Hintergrund wird der H\u00e4ndler von OrderSend gleichzeitig \u00fcber Ihre neue Bestellung informiert. Der H\u00e4ndler hat nun sofort Zugriff auf Ihre Bestelldaten und kann diese in seinen \u00fcblichen Prozessen weiter verarbeiten und Ihnen z. B. eine Bestellbest\u00e4tigung senden.<\/p>\n\n\n\n<figure class=\"wp-block-image size-full is-resized\"><img loading=\"lazy\" decoding=\"async\" src=\"https:\/\/ordersend.de\/v4\/wp-content\/uploads\/danke.jpg\" alt=\"\" class=\"wp-image-577\" width=\"547\" height=\"312\" srcset=\"https:\/\/ordersend.de\/v4\/wp-content\/uploads\/danke.jpg 826w, https:\/\/ordersend.de\/v4\/wp-content\/uploads\/danke-300x171.jpg 300w, https:\/\/ordersend.de\/v4\/wp-content\/uploads\/danke-768x438.jpg 768w, https:\/\/ordersend.de\/v4\/wp-content\/uploads\/danke-526x300.jpg 526w\" sizes=\"auto, (max-width: 547px) 100vw, 547px\" \/><\/figure>\n","protected":false},"excerpt":{"rendered":"<p>Rufen Sie die Internetseite&nbsp;https:\/\/ordersend.app&nbsp;in einem beliebigen Internet Browser auf. Wir haben OrderSend f\u00fcr Sie als flexible Webanwendung programmiert. So k\u00f6nnen Sie die \u201eInternetseite\u201c mit jedem aktuellen Browser, wie Microsoft Edge, Google Chrome, Apple Safari oder Mozilla Firefox nutzen. \u00dcberall wo ein solcher Browser l\u00e4uft, funktioniert auch OrderSend. Also auf Smartphone, &hellip;<\/p>\n","protected":false},"author":1,"featured_media":0,"parent":0,"menu_order":0,"comment_status":"closed","ping_status":"closed","template":"","meta":{"footnotes":""},"class_list":["post-484","page","type-page","status-publish","hentry"],"yoast_head":"<!-- This site is optimized with the Yoast SEO plugin v27.4 - https:\/\/yoast.com\/product\/yoast-seo-wordpress\/ -->\n<title>Bestellen mit OrderSend - OrderSend<\/title>\n<meta name=\"robots\" content=\"index, follow, max-snippet:-1, max-image-preview:large, max-video-preview:-1\" \/>\n<link rel=\"canonical\" href=\"https:\/\/ordersend.de\/v4\/bestellen-mit-ordersend\/\" \/>\n<meta property=\"og:locale\" content=\"de_DE\" \/>\n<meta property=\"og:type\" content=\"article\" \/>\n<meta property=\"og:title\" content=\"Bestellen mit OrderSend - OrderSend\" \/>\n<meta property=\"og:description\" content=\"Rufen Sie die Internetseite&nbsp;https:\/\/ordersend.app&nbsp;in einem beliebigen Internet Browser auf. Wir haben OrderSend f\u00fcr Sie als flexible Webanwendung programmiert. So k\u00f6nnen Sie die \u201eInternetseite\u201c mit jedem aktuellen Browser, wie Microsoft Edge, Google Chrome, Apple Safari oder Mozilla Firefox nutzen. \u00dcberall wo ein solcher Browser l\u00e4uft, funktioniert auch OrderSend. Also auf Smartphone, &hellip;\" \/>\n<meta property=\"og:url\" content=\"https:\/\/ordersend.de\/v4\/bestellen-mit-ordersend\/\" \/>\n<meta property=\"og:site_name\" content=\"OrderSend\" \/>\n<meta property=\"article:modified_time\" content=\"2023-03-30T09:37:36+00:00\" \/>\n<meta property=\"og:image\" content=\"https:\/\/ordersend.de\/v4\/wp-content\/uploads\/menue.jpg\" \/>\n<meta name=\"twitter:card\" content=\"summary_large_image\" \/>\n<meta name=\"twitter:label1\" content=\"Gesch\u00e4tzte Lesezeit\" \/>\n\t<meta name=\"twitter:data1\" content=\"3\u00a0Minuten\" \/>\n<script type=\"application\/ld+json\" class=\"yoast-schema-graph\">{\"@context\":\"https:\\\/\\\/schema.org\",\"@graph\":[{\"@type\":\"WebPage\",\"@id\":\"https:\\\/\\\/ordersend.de\\\/v4\\\/bestellen-mit-ordersend\\\/\",\"url\":\"https:\\\/\\\/ordersend.de\\\/v4\\\/bestellen-mit-ordersend\\\/\",\"name\":\"Bestellen mit OrderSend - OrderSend\",\"isPartOf\":{\"@id\":\"https:\\\/\\\/ordersend.de\\\/v4\\\/#website\"},\"primaryImageOfPage\":{\"@id\":\"https:\\\/\\\/ordersend.de\\\/v4\\\/bestellen-mit-ordersend\\\/#primaryimage\"},\"image\":{\"@id\":\"https:\\\/\\\/ordersend.de\\\/v4\\\/bestellen-mit-ordersend\\\/#primaryimage\"},\"thumbnailUrl\":\"https:\\\/\\\/ordersend.de\\\/v4\\\/wp-content\\\/uploads\\\/menue.jpg\",\"datePublished\":\"2023-03-29T10:44:50+00:00\",\"dateModified\":\"2023-03-30T09:37:36+00:00\",\"breadcrumb\":{\"@id\":\"https:\\\/\\\/ordersend.de\\\/v4\\\/bestellen-mit-ordersend\\\/#breadcrumb\"},\"inLanguage\":\"de\",\"potentialAction\":[{\"@type\":\"ReadAction\",\"target\":[\"https:\\\/\\\/ordersend.de\\\/v4\\\/bestellen-mit-ordersend\\\/\"]}]},{\"@type\":\"ImageObject\",\"inLanguage\":\"de\",\"@id\":\"https:\\\/\\\/ordersend.de\\\/v4\\\/bestellen-mit-ordersend\\\/#primaryimage\",\"url\":\"https:\\\/\\\/ordersend.de\\\/v4\\\/wp-content\\\/uploads\\\/menue.jpg\",\"contentUrl\":\"https:\\\/\\\/ordersend.de\\\/v4\\\/wp-content\\\/uploads\\\/menue.jpg\",\"width\":485,\"height\":129},{\"@type\":\"BreadcrumbList\",\"@id\":\"https:\\\/\\\/ordersend.de\\\/v4\\\/bestellen-mit-ordersend\\\/#breadcrumb\",\"itemListElement\":[{\"@type\":\"ListItem\",\"position\":1,\"name\":\"Startseite\",\"item\":\"https:\\\/\\\/ordersend.de\\\/v4\\\/\"},{\"@type\":\"ListItem\",\"position\":2,\"name\":\"Bestellen mit OrderSend\"}]},{\"@type\":\"WebSite\",\"@id\":\"https:\\\/\\\/ordersend.de\\\/v4\\\/#website\",\"url\":\"https:\\\/\\\/ordersend.de\\\/v4\\\/\",\"name\":\"OrderSend\",\"description\":\"Ihre digitale Bestell-App\",\"publisher\":{\"@id\":\"https:\\\/\\\/ordersend.de\\\/v4\\\/#organization\"},\"potentialAction\":[{\"@type\":\"SearchAction\",\"target\":{\"@type\":\"EntryPoint\",\"urlTemplate\":\"https:\\\/\\\/ordersend.de\\\/v4\\\/?s={search_term_string}\"},\"query-input\":{\"@type\":\"PropertyValueSpecification\",\"valueRequired\":true,\"valueName\":\"search_term_string\"}}],\"inLanguage\":\"de\"},{\"@type\":\"Organization\",\"@id\":\"https:\\\/\\\/ordersend.de\\\/v4\\\/#organization\",\"name\":\"OrderSend\",\"url\":\"https:\\\/\\\/ordersend.de\\\/v4\\\/\",\"logo\":{\"@type\":\"ImageObject\",\"inLanguage\":\"de\",\"@id\":\"https:\\\/\\\/ordersend.de\\\/v4\\\/#\\\/schema\\\/logo\\\/image\\\/\",\"url\":\"https:\\\/\\\/ordersend.de\\\/v4\\\/wp-content\\\/uploads\\\/ordersend_logo_2022_180_w.svg\",\"contentUrl\":\"https:\\\/\\\/ordersend.de\\\/v4\\\/wp-content\\\/uploads\\\/ordersend_logo_2022_180_w.svg\",\"width\":2080,\"height\":575,\"caption\":\"OrderSend\"},\"image\":{\"@id\":\"https:\\\/\\\/ordersend.de\\\/v4\\\/#\\\/schema\\\/logo\\\/image\\\/\"}}]}<\/script>\n<!-- \/ Yoast SEO plugin. -->","yoast_head_json":{"title":"Bestellen mit OrderSend - OrderSend","robots":{"index":"index","follow":"follow","max-snippet":"max-snippet:-1","max-image-preview":"max-image-preview:large","max-video-preview":"max-video-preview:-1"},"canonical":"https:\/\/ordersend.de\/v4\/bestellen-mit-ordersend\/","og_locale":"de_DE","og_type":"article","og_title":"Bestellen mit OrderSend - OrderSend","og_description":"Rufen Sie die Internetseite&nbsp;https:\/\/ordersend.app&nbsp;in einem beliebigen Internet Browser auf. Wir haben OrderSend f\u00fcr Sie als flexible Webanwendung programmiert. So k\u00f6nnen Sie die \u201eInternetseite\u201c mit jedem aktuellen Browser, wie Microsoft Edge, Google Chrome, Apple Safari oder Mozilla Firefox nutzen. \u00dcberall wo ein solcher Browser l\u00e4uft, funktioniert auch OrderSend. Also auf Smartphone, &hellip;","og_url":"https:\/\/ordersend.de\/v4\/bestellen-mit-ordersend\/","og_site_name":"OrderSend","article_modified_time":"2023-03-30T09:37:36+00:00","og_image":[{"url":"https:\/\/ordersend.de\/v4\/wp-content\/uploads\/menue.jpg","type":"","width":"","height":""}],"twitter_card":"summary_large_image","twitter_misc":{"Gesch\u00e4tzte Lesezeit":"3\u00a0Minuten"},"schema":{"@context":"https:\/\/schema.org","@graph":[{"@type":"WebPage","@id":"https:\/\/ordersend.de\/v4\/bestellen-mit-ordersend\/","url":"https:\/\/ordersend.de\/v4\/bestellen-mit-ordersend\/","name":"Bestellen mit OrderSend - OrderSend","isPartOf":{"@id":"https:\/\/ordersend.de\/v4\/#website"},"primaryImageOfPage":{"@id":"https:\/\/ordersend.de\/v4\/bestellen-mit-ordersend\/#primaryimage"},"image":{"@id":"https:\/\/ordersend.de\/v4\/bestellen-mit-ordersend\/#primaryimage"},"thumbnailUrl":"https:\/\/ordersend.de\/v4\/wp-content\/uploads\/menue.jpg","datePublished":"2023-03-29T10:44:50+00:00","dateModified":"2023-03-30T09:37:36+00:00","breadcrumb":{"@id":"https:\/\/ordersend.de\/v4\/bestellen-mit-ordersend\/#breadcrumb"},"inLanguage":"de","potentialAction":[{"@type":"ReadAction","target":["https:\/\/ordersend.de\/v4\/bestellen-mit-ordersend\/"]}]},{"@type":"ImageObject","inLanguage":"de","@id":"https:\/\/ordersend.de\/v4\/bestellen-mit-ordersend\/#primaryimage","url":"https:\/\/ordersend.de\/v4\/wp-content\/uploads\/menue.jpg","contentUrl":"https:\/\/ordersend.de\/v4\/wp-content\/uploads\/menue.jpg","width":485,"height":129},{"@type":"BreadcrumbList","@id":"https:\/\/ordersend.de\/v4\/bestellen-mit-ordersend\/#breadcrumb","itemListElement":[{"@type":"ListItem","position":1,"name":"Startseite","item":"https:\/\/ordersend.de\/v4\/"},{"@type":"ListItem","position":2,"name":"Bestellen mit OrderSend"}]},{"@type":"WebSite","@id":"https:\/\/ordersend.de\/v4\/#website","url":"https:\/\/ordersend.de\/v4\/","name":"OrderSend","description":"Ihre digitale Bestell-App","publisher":{"@id":"https:\/\/ordersend.de\/v4\/#organization"},"potentialAction":[{"@type":"SearchAction","target":{"@type":"EntryPoint","urlTemplate":"https:\/\/ordersend.de\/v4\/?s={search_term_string}"},"query-input":{"@type":"PropertyValueSpecification","valueRequired":true,"valueName":"search_term_string"}}],"inLanguage":"de"},{"@type":"Organization","@id":"https:\/\/ordersend.de\/v4\/#organization","name":"OrderSend","url":"https:\/\/ordersend.de\/v4\/","logo":{"@type":"ImageObject","inLanguage":"de","@id":"https:\/\/ordersend.de\/v4\/#\/schema\/logo\/image\/","url":"https:\/\/ordersend.de\/v4\/wp-content\/uploads\/ordersend_logo_2022_180_w.svg","contentUrl":"https:\/\/ordersend.de\/v4\/wp-content\/uploads\/ordersend_logo_2022_180_w.svg","width":2080,"height":575,"caption":"OrderSend"},"image":{"@id":"https:\/\/ordersend.de\/v4\/#\/schema\/logo\/image\/"}}]}},"_links":{"self":[{"href":"https:\/\/ordersend.de\/v4\/wp-json\/wp\/v2\/pages\/484","targetHints":{"allow":["GET"]}}],"collection":[{"href":"https:\/\/ordersend.de\/v4\/wp-json\/wp\/v2\/pages"}],"about":[{"href":"https:\/\/ordersend.de\/v4\/wp-json\/wp\/v2\/types\/page"}],"author":[{"embeddable":true,"href":"https:\/\/ordersend.de\/v4\/wp-json\/wp\/v2\/users\/1"}],"replies":[{"embeddable":true,"href":"https:\/\/ordersend.de\/v4\/wp-json\/wp\/v2\/comments?post=484"}],"version-history":[{"count":7,"href":"https:\/\/ordersend.de\/v4\/wp-json\/wp\/v2\/pages\/484\/revisions"}],"predecessor-version":[{"id":579,"href":"https:\/\/ordersend.de\/v4\/wp-json\/wp\/v2\/pages\/484\/revisions\/579"}],"wp:attachment":[{"href":"https:\/\/ordersend.de\/v4\/wp-json\/wp\/v2\/media?parent=484"}],"curies":[{"name":"wp","href":"https:\/\/api.w.org\/{rel}","templated":true}]}}