{"id":496,"date":"2023-03-29T12:49:25","date_gmt":"2023-03-29T10:49:25","guid":{"rendered":"https:\/\/ordersend.de\/v4\/?page_id=496"},"modified":"2023-04-03T16:31:50","modified_gmt":"2023-04-03T14:31:50","slug":"bestellvorlagen","status":"publish","type":"page","link":"https:\/\/ordersend.de\/v4\/bestellvorlagen\/","title":{"rendered":"Bestellvorlagen"},"content":{"rendered":"<div class=\"wp-block-image\">\n<figure class=\"alignright size-full is-resized\"><img loading=\"lazy\" decoding=\"async\" src=\"https:\/\/ordersend.de\/v4\/wp-content\/uploads\/bestellung_aus_vorlage.jpg\" alt=\"\" class=\"wp-image-623\" width=\"246\" height=\"394\" srcset=\"https:\/\/ordersend.de\/v4\/wp-content\/uploads\/bestellung_aus_vorlage.jpg 472w, https:\/\/ordersend.de\/v4\/wp-content\/uploads\/bestellung_aus_vorlage-188x300.jpg 188w\" sizes=\"auto, (max-width: 246px) 100vw, 246px\" \/><\/figure><\/div>\n\n\n<p>Um regelm\u00e4\u00dfig wiederkehrende Bestellungen schnell zu erzeugen, nutzen Sie aus dem Men\u00fc das Warenkorb-Tool &#8222;Vorlage speichern&#8220;. Sie k\u00f6nnen damit alle aktuell im Warenkorb befindlichen Produkte zu einer Vorlage zusammenfassen und unter einem Namen in OrderSend speichern.<\/p>\n\n\n\n<p>Als Vorlage gespeicherte Bestellungen werden unter dem Men\u00fcpunkt \u201eBestellung aus Vorlage\u201c angezeigt. W\u00e4hlen Sie eine Vorlage aus, um die darin aufgelisteten Produkte dem aktuellen Warenkorb hinzuzuf\u00fcgen oder die Produkte im aktuellen Warenkorb mit den Produkten der Vorlage zu ersetzen.<\/p>\n\n\n\n<p>Wichtig: Die Vorlagen unterliegen nicht der 30-Tage-Frist zur Datenl\u00f6schung.<\/p>\n","protected":false},"excerpt":{"rendered":"<p>Um regelm\u00e4\u00dfig wiederkehrende Bestellungen schnell zu erzeugen, nutzen Sie aus dem Men\u00fc das Warenkorb-Tool &#8222;Vorlage speichern&#8220;. Sie k\u00f6nnen damit alle aktuell im Warenkorb befindlichen Produkte zu einer Vorlage zusammenfassen und unter einem Namen in OrderSend speichern. Als Vorlage gespeicherte Bestellungen werden unter dem Men\u00fcpunkt \u201eBestellung aus Vorlage\u201c angezeigt. W\u00e4hlen Sie &hellip;<\/p>\n","protected":false},"author":1,"featured_media":0,"parent":0,"menu_order":0,"comment_status":"closed","ping_status":"closed","template":"","meta":{"footnotes":""},"class_list":["post-496","page","type-page","status-publish","hentry"],"yoast_head":"<!-- This site is optimized with the Yoast SEO plugin v27.4 - https:\/\/yoast.com\/product\/yoast-seo-wordpress\/ -->\n<title>Bestellvorlagen - OrderSend<\/title>\n<meta name=\"robots\" content=\"index, follow, max-snippet:-1, max-image-preview:large, max-video-preview:-1\" \/>\n<link rel=\"canonical\" href=\"https:\/\/ordersend.de\/v4\/bestellvorlagen\/\" \/>\n<meta property=\"og:locale\" content=\"de_DE\" \/>\n<meta property=\"og:type\" content=\"article\" \/>\n<meta property=\"og:title\" content=\"Bestellvorlagen - OrderSend\" \/>\n<meta property=\"og:description\" content=\"Um regelm\u00e4\u00dfig wiederkehrende Bestellungen schnell zu erzeugen, nutzen Sie aus dem Men\u00fc das Warenkorb-Tool &#8222;Vorlage speichern&#8220;. Sie k\u00f6nnen damit alle aktuell im Warenkorb befindlichen Produkte zu einer Vorlage zusammenfassen und unter einem Namen in OrderSend speichern. Als Vorlage gespeicherte Bestellungen werden unter dem Men\u00fcpunkt \u201eBestellung aus Vorlage\u201c angezeigt. W\u00e4hlen Sie &hellip;\" \/>\n<meta property=\"og:url\" content=\"https:\/\/ordersend.de\/v4\/bestellvorlagen\/\" \/>\n<meta property=\"og:site_name\" content=\"OrderSend\" \/>\n<meta property=\"article:modified_time\" content=\"2023-04-03T14:31:50+00:00\" \/>\n<meta property=\"og:image\" content=\"https:\/\/ordersend.de\/v4\/wp-content\/uploads\/bestellung_aus_vorlage.jpg\" \/>\n<meta name=\"twitter:card\" content=\"summary_large_image\" \/>\n<script type=\"application\/ld+json\" class=\"yoast-schema-graph\">{\"@context\":\"https:\\\/\\\/schema.org\",\"@graph\":[{\"@type\":\"WebPage\",\"@id\":\"https:\\\/\\\/ordersend.de\\\/v4\\\/bestellvorlagen\\\/\",\"url\":\"https:\\\/\\\/ordersend.de\\\/v4\\\/bestellvorlagen\\\/\",\"name\":\"Bestellvorlagen - OrderSend\",\"isPartOf\":{\"@id\":\"https:\\\/\\\/ordersend.de\\\/v4\\\/#website\"},\"primaryImageOfPage\":{\"@id\":\"https:\\\/\\\/ordersend.de\\\/v4\\\/bestellvorlagen\\\/#primaryimage\"},\"image\":{\"@id\":\"https:\\\/\\\/ordersend.de\\\/v4\\\/bestellvorlagen\\\/#primaryimage\"},\"thumbnailUrl\":\"https:\\\/\\\/ordersend.de\\\/v4\\\/wp-content\\\/uploads\\\/bestellung_aus_vorlage.jpg\",\"datePublished\":\"2023-03-29T10:49:25+00:00\",\"dateModified\":\"2023-04-03T14:31:50+00:00\",\"breadcrumb\":{\"@id\":\"https:\\\/\\\/ordersend.de\\\/v4\\\/bestellvorlagen\\\/#breadcrumb\"},\"inLanguage\":\"de\",\"potentialAction\":[{\"@type\":\"ReadAction\",\"target\":[\"https:\\\/\\\/ordersend.de\\\/v4\\\/bestellvorlagen\\\/\"]}]},{\"@type\":\"ImageObject\",\"inLanguage\":\"de\",\"@id\":\"https:\\\/\\\/ordersend.de\\\/v4\\\/bestellvorlagen\\\/#primaryimage\",\"url\":\"https:\\\/\\\/ordersend.de\\\/v4\\\/wp-content\\\/uploads\\\/bestellung_aus_vorlage.jpg\",\"contentUrl\":\"https:\\\/\\\/ordersend.de\\\/v4\\\/wp-content\\\/uploads\\\/bestellung_aus_vorlage.jpg\",\"width\":472,\"height\":754},{\"@type\":\"BreadcrumbList\",\"@id\":\"https:\\\/\\\/ordersend.de\\\/v4\\\/bestellvorlagen\\\/#breadcrumb\",\"itemListElement\":[{\"@type\":\"ListItem\",\"position\":1,\"name\":\"Startseite\",\"item\":\"https:\\\/\\\/ordersend.de\\\/v4\\\/\"},{\"@type\":\"ListItem\",\"position\":2,\"name\":\"Bestellvorlagen\"}]},{\"@type\":\"WebSite\",\"@id\":\"https:\\\/\\\/ordersend.de\\\/v4\\\/#website\",\"url\":\"https:\\\/\\\/ordersend.de\\\/v4\\\/\",\"name\":\"OrderSend\",\"description\":\"Ihre digitale Bestell-App\",\"publisher\":{\"@id\":\"https:\\\/\\\/ordersend.de\\\/v4\\\/#organization\"},\"potentialAction\":[{\"@type\":\"SearchAction\",\"target\":{\"@type\":\"EntryPoint\",\"urlTemplate\":\"https:\\\/\\\/ordersend.de\\\/v4\\\/?s={search_term_string}\"},\"query-input\":{\"@type\":\"PropertyValueSpecification\",\"valueRequired\":true,\"valueName\":\"search_term_string\"}}],\"inLanguage\":\"de\"},{\"@type\":\"Organization\",\"@id\":\"https:\\\/\\\/ordersend.de\\\/v4\\\/#organization\",\"name\":\"OrderSend\",\"url\":\"https:\\\/\\\/ordersend.de\\\/v4\\\/\",\"logo\":{\"@type\":\"ImageObject\",\"inLanguage\":\"de\",\"@id\":\"https:\\\/\\\/ordersend.de\\\/v4\\\/#\\\/schema\\\/logo\\\/image\\\/\",\"url\":\"https:\\\/\\\/ordersend.de\\\/v4\\\/wp-content\\\/uploads\\\/ordersend_logo_2022_180_w.svg\",\"contentUrl\":\"https:\\\/\\\/ordersend.de\\\/v4\\\/wp-content\\\/uploads\\\/ordersend_logo_2022_180_w.svg\",\"width\":2080,\"height\":575,\"caption\":\"OrderSend\"},\"image\":{\"@id\":\"https:\\\/\\\/ordersend.de\\\/v4\\\/#\\\/schema\\\/logo\\\/image\\\/\"}}]}<\/script>\n<!-- \/ Yoast SEO plugin. -->","yoast_head_json":{"title":"Bestellvorlagen - OrderSend","robots":{"index":"index","follow":"follow","max-snippet":"max-snippet:-1","max-image-preview":"max-image-preview:large","max-video-preview":"max-video-preview:-1"},"canonical":"https:\/\/ordersend.de\/v4\/bestellvorlagen\/","og_locale":"de_DE","og_type":"article","og_title":"Bestellvorlagen - OrderSend","og_description":"Um regelm\u00e4\u00dfig wiederkehrende Bestellungen schnell zu erzeugen, nutzen Sie aus dem Men\u00fc das Warenkorb-Tool &#8222;Vorlage speichern&#8220;. Sie k\u00f6nnen damit alle aktuell im Warenkorb befindlichen Produkte zu einer Vorlage zusammenfassen und unter einem Namen in OrderSend speichern. Als Vorlage gespeicherte Bestellungen werden unter dem Men\u00fcpunkt \u201eBestellung aus Vorlage\u201c angezeigt. W\u00e4hlen Sie &hellip;","og_url":"https:\/\/ordersend.de\/v4\/bestellvorlagen\/","og_site_name":"OrderSend","article_modified_time":"2023-04-03T14:31:50+00:00","og_image":[{"url":"https:\/\/ordersend.de\/v4\/wp-content\/uploads\/bestellung_aus_vorlage.jpg","type":"","width":"","height":""}],"twitter_card":"summary_large_image","schema":{"@context":"https:\/\/schema.org","@graph":[{"@type":"WebPage","@id":"https:\/\/ordersend.de\/v4\/bestellvorlagen\/","url":"https:\/\/ordersend.de\/v4\/bestellvorlagen\/","name":"Bestellvorlagen - OrderSend","isPartOf":{"@id":"https:\/\/ordersend.de\/v4\/#website"},"primaryImageOfPage":{"@id":"https:\/\/ordersend.de\/v4\/bestellvorlagen\/#primaryimage"},"image":{"@id":"https:\/\/ordersend.de\/v4\/bestellvorlagen\/#primaryimage"},"thumbnailUrl":"https:\/\/ordersend.de\/v4\/wp-content\/uploads\/bestellung_aus_vorlage.jpg","datePublished":"2023-03-29T10:49:25+00:00","dateModified":"2023-04-03T14:31:50+00:00","breadcrumb":{"@id":"https:\/\/ordersend.de\/v4\/bestellvorlagen\/#breadcrumb"},"inLanguage":"de","potentialAction":[{"@type":"ReadAction","target":["https:\/\/ordersend.de\/v4\/bestellvorlagen\/"]}]},{"@type":"ImageObject","inLanguage":"de","@id":"https:\/\/ordersend.de\/v4\/bestellvorlagen\/#primaryimage","url":"https:\/\/ordersend.de\/v4\/wp-content\/uploads\/bestellung_aus_vorlage.jpg","contentUrl":"https:\/\/ordersend.de\/v4\/wp-content\/uploads\/bestellung_aus_vorlage.jpg","width":472,"height":754},{"@type":"BreadcrumbList","@id":"https:\/\/ordersend.de\/v4\/bestellvorlagen\/#breadcrumb","itemListElement":[{"@type":"ListItem","position":1,"name":"Startseite","item":"https:\/\/ordersend.de\/v4\/"},{"@type":"ListItem","position":2,"name":"Bestellvorlagen"}]},{"@type":"WebSite","@id":"https:\/\/ordersend.de\/v4\/#website","url":"https:\/\/ordersend.de\/v4\/","name":"OrderSend","description":"Ihre digitale Bestell-App","publisher":{"@id":"https:\/\/ordersend.de\/v4\/#organization"},"potentialAction":[{"@type":"SearchAction","target":{"@type":"EntryPoint","urlTemplate":"https:\/\/ordersend.de\/v4\/?s={search_term_string}"},"query-input":{"@type":"PropertyValueSpecification","valueRequired":true,"valueName":"search_term_string"}}],"inLanguage":"de"},{"@type":"Organization","@id":"https:\/\/ordersend.de\/v4\/#organization","name":"OrderSend","url":"https:\/\/ordersend.de\/v4\/","logo":{"@type":"ImageObject","inLanguage":"de","@id":"https:\/\/ordersend.de\/v4\/#\/schema\/logo\/image\/","url":"https:\/\/ordersend.de\/v4\/wp-content\/uploads\/ordersend_logo_2022_180_w.svg","contentUrl":"https:\/\/ordersend.de\/v4\/wp-content\/uploads\/ordersend_logo_2022_180_w.svg","width":2080,"height":575,"caption":"OrderSend"},"image":{"@id":"https:\/\/ordersend.de\/v4\/#\/schema\/logo\/image\/"}}]}},"_links":{"self":[{"href":"https:\/\/ordersend.de\/v4\/wp-json\/wp\/v2\/pages\/496","targetHints":{"allow":["GET"]}}],"collection":[{"href":"https:\/\/ordersend.de\/v4\/wp-json\/wp\/v2\/pages"}],"about":[{"href":"https:\/\/ordersend.de\/v4\/wp-json\/wp\/v2\/types\/page"}],"author":[{"embeddable":true,"href":"https:\/\/ordersend.de\/v4\/wp-json\/wp\/v2\/users\/1"}],"replies":[{"embeddable":true,"href":"https:\/\/ordersend.de\/v4\/wp-json\/wp\/v2\/comments?post=496"}],"version-history":[{"count":3,"href":"https:\/\/ordersend.de\/v4\/wp-json\/wp\/v2\/pages\/496\/revisions"}],"predecessor-version":[{"id":624,"href":"https:\/\/ordersend.de\/v4\/wp-json\/wp\/v2\/pages\/496\/revisions\/624"}],"wp:attachment":[{"href":"https:\/\/ordersend.de\/v4\/wp-json\/wp\/v2\/media?parent=496"}],"curies":[{"name":"wp","href":"https:\/\/api.w.org\/{rel}","templated":true}]}}