{"id":499,"date":"2023-03-29T12:49:37","date_gmt":"2023-03-29T10:49:37","guid":{"rendered":"https:\/\/ordersend.de\/v4\/?page_id=499"},"modified":"2024-06-23T19:15:40","modified_gmt":"2024-06-23T17:15:40","slug":"bestandsfuehrung","status":"publish","type":"page","link":"https:\/\/ordersend.de\/v4\/bestandsfuehrung\/","title":{"rendered":"Bestandsf\u00fchrung"},"content":{"rendered":"\n<p>Mit OrderSend haben Sie die M\u00f6glichkeit, zus\u00e4tzliche Daten an die Produkte der H\u00e4ndler-Produktliste anzuf\u00fcgen. Diese Daten werden in Bezug auf die H\u00e4ndler-Artikelnummer in der App gespeichert und bleiben auch bei Aktualisierung der H\u00e4ndler-Produktliste erhalten \u2013 sofern in der aktualisierten Produktliste diese Artikelnummer wieder enthalten ist.<\/p>\n\n\n\n<p>Diese Daten k\u00f6nnen in der \u201e<strong>Lager<\/strong>\u201e-Registerkarte der Mengenabfrage-Maske hinterlegt werden. Dort stehen die Felder <\/p>\n\n\n\n<ul class=\"wp-block-list\">\n<li><strong><em>Bestand,<\/em><\/strong><\/li>\n\n\n\n<li><strong><em>Maximalbestand<\/em><\/strong>,<\/li>\n\n\n\n<li><strong>Meldebestand<\/strong>,<\/li>\n\n\n\n<li><em style=\"font-weight: bold;\">Mindestbestand, <\/em><\/li>\n\n\n\n<li>sowie<strong><em> Informationen<\/em><\/strong> und <strong><em>Lagerort<\/em><\/strong> zur Verf\u00fcgung.<\/li>\n<\/ul>\n\n\n\n<p>\u00dcber ein Hilfs-Eingabefeld kann eine Menge erfasst werden und auf den angezeigten Bestand addiert (Wareneingang) \u2013 oder vom angezeigten Bestand subtrahiert werden (Warenausgabe). Ist in den Einstellungen von OrderSend die Option &#8222;Prim\u00e4rer Bestands-Scan&#8220; aktiviert, werden bei aktiver Registerkarte &#8222;Start&#8220; alle Barcode-Scans als Entnahme gebucht. Der Barcode-Scan bei aktiver Registerkarte &#8222;Warenkorb&#8220; legt die gescannten Produkte f\u00fcr eine Bestellung in den digitalen Warenkorb.<\/p>\n\n\n\n<figure class=\"wp-block-image size-full\"><img loading=\"lazy\" decoding=\"async\" width=\"821\" height=\"339\" src=\"https:\/\/ordersend.de\/v4\/wp-content\/uploads\/bestandsfuehrung_01.jpg\" alt=\"\" class=\"wp-image-662\" srcset=\"https:\/\/ordersend.de\/v4\/wp-content\/uploads\/bestandsfuehrung_01.jpg 821w, https:\/\/ordersend.de\/v4\/wp-content\/uploads\/bestandsfuehrung_01-300x124.jpg 300w, https:\/\/ordersend.de\/v4\/wp-content\/uploads\/bestandsfuehrung_01-768x317.jpg 768w, https:\/\/ordersend.de\/v4\/wp-content\/uploads\/bestandsfuehrung_01-536x221.jpg 536w\" sizes=\"auto, (max-width: 821px) 100vw, 821px\" \/><\/figure>\n\n\n\n<p>Wird im Feld \u201e<strong><em>Bestand<\/em><\/strong>\u201c ein Wert erfasst, der dem hinterlegten Wert im Feld \u201e<strong><em>Meldebestand<\/em><\/strong>\u201c entspricht oder diesen unterschreitet, wird eine zus\u00e4tzliche Liste beim Start der App eingeblendet, die diese Produkte als \u201e<strong>Bestellvorschlag<\/strong>\u201c auflistet. Hierbei werden auch die Mengen der Produkte, die aktuell im Warenkorb abgelegt sind und die Mengen, die als Bestellung bereits versandt, aber noch ohne registrierten Wareneingang sind, herangezogen. Mit Klick auf das Warenkorb-Symbol hinter der Bezeichnung &#8222;Bestellvorschlag&#8220; k\u00f6nnen alle vorgeschlagenen Produkte mit entsprechender Menge (Differenz zum Maximalbestand) in den Warenkorb verschoben werden.<\/p>\n\n\n\n<p>Bei Ablage im Warenkorb wird bei diesen Produkten als Mengen-Empfehlung die Differenz zum Maximalbestand vorbelegt.<\/p>\n\n\n\n<p>Gro\u00dfen Einfluss auf die Richtigkeit des manuell gef\u00fchrten Bestandes hat die Registrierung des Wareneinganges der \u00fcber OrderSend bestellten Produkte. Der Men\u00fcpunkt \u201e<strong>Letzte Bestellungen<\/strong>\u201c listet alle bestellten Artikel der letzten 30 Tage geordnet nach Bestelldatum auf. Hier kann der Wareneingang pro Artikel komfortabel registriert werden. Diese Aktion l\u00f6st direkt die Erh\u00f6hung des aktuellen Lagerbestandes mit der Menge der bestellten Produkte aus. In Abstimmung mit Ihrem H\u00e4ndler k\u00f6nnte ein Wareneingang auch automatisiert bei Versand der Ware in OrderSend registriert werden. Eine Erfassung bei der Anlieferung entf\u00e4llt damit.<\/p>\n\n\n\n<p>Tipp: Weiterhin kann \u00fcber die \u201e<strong>Lager<\/strong>\u201e-Registerkarte jedem Produkt eine Farbkategorie (Symbol \u201e<strong><em>Stern<\/em><\/strong>\u201e) zugewiesen werden, die das Auffinden in Suchergebnissen und Favoritenlisten erleichtert. So markierte Produkte finden Sie zudem&nbsp;<a href=\"https:\/\/ordersend.de\/v4\/meine-favoriten\/\" data-type=\"page\" data-id=\"518\">in der Liste \u201e<strong>Meine Favoriten<\/strong>\u201e<\/a>.<\/p>\n\n\n<div class=\"wp-block-image is-resized\">\n<figure class=\"alignright size-full\"><img loading=\"lazy\" decoding=\"async\" width=\"437\" height=\"533\" src=\"https:\/\/ordersend.de\/v4\/wp-content\/uploads\/bestandsfuehrung_02.jpg\" alt=\"\" class=\"wp-image-665\" srcset=\"https:\/\/ordersend.de\/v4\/wp-content\/uploads\/bestandsfuehrung_02.jpg 437w, https:\/\/ordersend.de\/v4\/wp-content\/uploads\/bestandsfuehrung_02-246x300.jpg 246w\" sizes=\"auto, (max-width: 437px) 100vw, 437px\" \/><\/figure><\/div>\n\n\n<p>\u00dcber das Warenkorb-Tool &#8222;<strong>Bestand setzen<\/strong>&#8220; kann komfortabel die Abbuchung von entnommenen Produkten \u00fcber den Warenkorb abgewickelt werden. <em>Entnahmen<\/em> k\u00f6nnten w\u00e4hrend des Arbeitstages als Menge im Warenkorb abgelegt werden und zum Feierabend mit einem Klick gebucht werden. Bei Buchung kann optional auch der Warenkorb geleert werden. Ergeben sich aus der Buchung Eintr\u00e4ge f\u00fcr die Liste &#8222;Bestellvorschlag&#8220;, k\u00f6nnen diese im Anschluss bestellt werden.<\/p>\n\n\n\n<p>Mit gleichem Tool k\u00f6nnen aber auch <em>Wareneing\u00e4nge <\/em>gebucht werden, die nicht aus Bestellungen mit OrderSend stammen. Auch f\u00fcr eine Zwischeninventur kann das Warenkorb-Tool &#8222;Bestand setzen&#8220; genutzt werden, da alle im digitalen Warenkorb erfassten Mengen auch als Bestand der Produkte \u00fcbernommen werden k\u00f6nnen.<\/p>\n\n\n\n<p>Produkte, bei denen der Bestand gel\u00f6scht wird, also das Feld &#8222;<strong>Bestand<\/strong>&#8220; leer (nicht &#8222;0&#8220;!) ist, werden in der Auflistung unter dem Men\u00fcpunkt &#8222;<strong>Mein Lager<\/strong>&#8220; nicht aufgef\u00fchrt und stehen auch nicht in der dort exportierbaren Excel-Liste.<\/p>\n","protected":false},"excerpt":{"rendered":"<p>Mit OrderSend haben Sie die M\u00f6glichkeit, zus\u00e4tzliche Daten an die Produkte der H\u00e4ndler-Produktliste anzuf\u00fcgen. Diese Daten werden in Bezug auf die H\u00e4ndler-Artikelnummer in der App gespeichert und bleiben auch bei Aktualisierung der H\u00e4ndler-Produktliste erhalten \u2013 sofern in der aktualisierten Produktliste diese Artikelnummer wieder enthalten ist. Diese Daten k\u00f6nnen in der &hellip;<\/p>\n","protected":false},"author":1,"featured_media":0,"parent":0,"menu_order":0,"comment_status":"closed","ping_status":"closed","template":"","meta":{"footnotes":""},"class_list":["post-499","page","type-page","status-publish","hentry"],"yoast_head":"<!-- This site is optimized with the Yoast SEO plugin v27.4 - https:\/\/yoast.com\/product\/yoast-seo-wordpress\/ -->\n<title>Bestandsf\u00fchrung - OrderSend<\/title>\n<meta name=\"robots\" content=\"index, follow, max-snippet:-1, max-image-preview:large, max-video-preview:-1\" \/>\n<link rel=\"canonical\" href=\"https:\/\/ordersend.de\/v4\/bestandsfuehrung\/\" \/>\n<meta property=\"og:locale\" content=\"de_DE\" \/>\n<meta property=\"og:type\" content=\"article\" \/>\n<meta property=\"og:title\" content=\"Bestandsf\u00fchrung - OrderSend\" \/>\n<meta property=\"og:description\" content=\"Mit OrderSend haben Sie die M\u00f6glichkeit, zus\u00e4tzliche Daten an die Produkte der H\u00e4ndler-Produktliste anzuf\u00fcgen. Diese Daten werden in Bezug auf die H\u00e4ndler-Artikelnummer in der App gespeichert und bleiben auch bei Aktualisierung der H\u00e4ndler-Produktliste erhalten \u2013 sofern in der aktualisierten Produktliste diese Artikelnummer wieder enthalten ist. Diese Daten k\u00f6nnen in der &hellip;\" \/>\n<meta property=\"og:url\" content=\"https:\/\/ordersend.de\/v4\/bestandsfuehrung\/\" \/>\n<meta property=\"og:site_name\" content=\"OrderSend\" \/>\n<meta property=\"article:modified_time\" content=\"2024-06-23T17:15:40+00:00\" \/>\n<meta property=\"og:image\" content=\"https:\/\/ordersend.de\/v4\/wp-content\/uploads\/bestandsfuehrung_01.jpg\" \/>\n<meta name=\"twitter:card\" content=\"summary_large_image\" \/>\n<meta name=\"twitter:label1\" content=\"Gesch\u00e4tzte Lesezeit\" \/>\n\t<meta name=\"twitter:data1\" content=\"4\u00a0Minuten\" \/>\n<script type=\"application\/ld+json\" class=\"yoast-schema-graph\">{\"@context\":\"https:\\\/\\\/schema.org\",\"@graph\":[{\"@type\":\"WebPage\",\"@id\":\"https:\\\/\\\/ordersend.de\\\/v4\\\/bestandsfuehrung\\\/\",\"url\":\"https:\\\/\\\/ordersend.de\\\/v4\\\/bestandsfuehrung\\\/\",\"name\":\"Bestandsf\u00fchrung - OrderSend\",\"isPartOf\":{\"@id\":\"https:\\\/\\\/ordersend.de\\\/v4\\\/#website\"},\"primaryImageOfPage\":{\"@id\":\"https:\\\/\\\/ordersend.de\\\/v4\\\/bestandsfuehrung\\\/#primaryimage\"},\"image\":{\"@id\":\"https:\\\/\\\/ordersend.de\\\/v4\\\/bestandsfuehrung\\\/#primaryimage\"},\"thumbnailUrl\":\"https:\\\/\\\/ordersend.de\\\/v4\\\/wp-content\\\/uploads\\\/bestandsfuehrung_01.jpg\",\"datePublished\":\"2023-03-29T10:49:37+00:00\",\"dateModified\":\"2024-06-23T17:15:40+00:00\",\"breadcrumb\":{\"@id\":\"https:\\\/\\\/ordersend.de\\\/v4\\\/bestandsfuehrung\\\/#breadcrumb\"},\"inLanguage\":\"de\",\"potentialAction\":[{\"@type\":\"ReadAction\",\"target\":[\"https:\\\/\\\/ordersend.de\\\/v4\\\/bestandsfuehrung\\\/\"]}]},{\"@type\":\"ImageObject\",\"inLanguage\":\"de\",\"@id\":\"https:\\\/\\\/ordersend.de\\\/v4\\\/bestandsfuehrung\\\/#primaryimage\",\"url\":\"https:\\\/\\\/ordersend.de\\\/v4\\\/wp-content\\\/uploads\\\/bestandsfuehrung_01.jpg\",\"contentUrl\":\"https:\\\/\\\/ordersend.de\\\/v4\\\/wp-content\\\/uploads\\\/bestandsfuehrung_01.jpg\",\"width\":821,\"height\":339},{\"@type\":\"BreadcrumbList\",\"@id\":\"https:\\\/\\\/ordersend.de\\\/v4\\\/bestandsfuehrung\\\/#breadcrumb\",\"itemListElement\":[{\"@type\":\"ListItem\",\"position\":1,\"name\":\"Startseite\",\"item\":\"https:\\\/\\\/ordersend.de\\\/v4\\\/\"},{\"@type\":\"ListItem\",\"position\":2,\"name\":\"Bestandsf\u00fchrung\"}]},{\"@type\":\"WebSite\",\"@id\":\"https:\\\/\\\/ordersend.de\\\/v4\\\/#website\",\"url\":\"https:\\\/\\\/ordersend.de\\\/v4\\\/\",\"name\":\"OrderSend\",\"description\":\"Ihre digitale Bestell-App\",\"publisher\":{\"@id\":\"https:\\\/\\\/ordersend.de\\\/v4\\\/#organization\"},\"potentialAction\":[{\"@type\":\"SearchAction\",\"target\":{\"@type\":\"EntryPoint\",\"urlTemplate\":\"https:\\\/\\\/ordersend.de\\\/v4\\\/?s={search_term_string}\"},\"query-input\":{\"@type\":\"PropertyValueSpecification\",\"valueRequired\":true,\"valueName\":\"search_term_string\"}}],\"inLanguage\":\"de\"},{\"@type\":\"Organization\",\"@id\":\"https:\\\/\\\/ordersend.de\\\/v4\\\/#organization\",\"name\":\"OrderSend\",\"url\":\"https:\\\/\\\/ordersend.de\\\/v4\\\/\",\"logo\":{\"@type\":\"ImageObject\",\"inLanguage\":\"de\",\"@id\":\"https:\\\/\\\/ordersend.de\\\/v4\\\/#\\\/schema\\\/logo\\\/image\\\/\",\"url\":\"https:\\\/\\\/ordersend.de\\\/v4\\\/wp-content\\\/uploads\\\/ordersend_logo_2022_180_w.svg\",\"contentUrl\":\"https:\\\/\\\/ordersend.de\\\/v4\\\/wp-content\\\/uploads\\\/ordersend_logo_2022_180_w.svg\",\"width\":2080,\"height\":575,\"caption\":\"OrderSend\"},\"image\":{\"@id\":\"https:\\\/\\\/ordersend.de\\\/v4\\\/#\\\/schema\\\/logo\\\/image\\\/\"}}]}<\/script>\n<!-- \/ Yoast SEO plugin. -->","yoast_head_json":{"title":"Bestandsf\u00fchrung - OrderSend","robots":{"index":"index","follow":"follow","max-snippet":"max-snippet:-1","max-image-preview":"max-image-preview:large","max-video-preview":"max-video-preview:-1"},"canonical":"https:\/\/ordersend.de\/v4\/bestandsfuehrung\/","og_locale":"de_DE","og_type":"article","og_title":"Bestandsf\u00fchrung - OrderSend","og_description":"Mit OrderSend haben Sie die M\u00f6glichkeit, zus\u00e4tzliche Daten an die Produkte der H\u00e4ndler-Produktliste anzuf\u00fcgen. Diese Daten werden in Bezug auf die H\u00e4ndler-Artikelnummer in der App gespeichert und bleiben auch bei Aktualisierung der H\u00e4ndler-Produktliste erhalten \u2013 sofern in der aktualisierten Produktliste diese Artikelnummer wieder enthalten ist. Diese Daten k\u00f6nnen in der &hellip;","og_url":"https:\/\/ordersend.de\/v4\/bestandsfuehrung\/","og_site_name":"OrderSend","article_modified_time":"2024-06-23T17:15:40+00:00","og_image":[{"url":"https:\/\/ordersend.de\/v4\/wp-content\/uploads\/bestandsfuehrung_01.jpg","type":"","width":"","height":""}],"twitter_card":"summary_large_image","twitter_misc":{"Gesch\u00e4tzte Lesezeit":"4\u00a0Minuten"},"schema":{"@context":"https:\/\/schema.org","@graph":[{"@type":"WebPage","@id":"https:\/\/ordersend.de\/v4\/bestandsfuehrung\/","url":"https:\/\/ordersend.de\/v4\/bestandsfuehrung\/","name":"Bestandsf\u00fchrung - OrderSend","isPartOf":{"@id":"https:\/\/ordersend.de\/v4\/#website"},"primaryImageOfPage":{"@id":"https:\/\/ordersend.de\/v4\/bestandsfuehrung\/#primaryimage"},"image":{"@id":"https:\/\/ordersend.de\/v4\/bestandsfuehrung\/#primaryimage"},"thumbnailUrl":"https:\/\/ordersend.de\/v4\/wp-content\/uploads\/bestandsfuehrung_01.jpg","datePublished":"2023-03-29T10:49:37+00:00","dateModified":"2024-06-23T17:15:40+00:00","breadcrumb":{"@id":"https:\/\/ordersend.de\/v4\/bestandsfuehrung\/#breadcrumb"},"inLanguage":"de","potentialAction":[{"@type":"ReadAction","target":["https:\/\/ordersend.de\/v4\/bestandsfuehrung\/"]}]},{"@type":"ImageObject","inLanguage":"de","@id":"https:\/\/ordersend.de\/v4\/bestandsfuehrung\/#primaryimage","url":"https:\/\/ordersend.de\/v4\/wp-content\/uploads\/bestandsfuehrung_01.jpg","contentUrl":"https:\/\/ordersend.de\/v4\/wp-content\/uploads\/bestandsfuehrung_01.jpg","width":821,"height":339},{"@type":"BreadcrumbList","@id":"https:\/\/ordersend.de\/v4\/bestandsfuehrung\/#breadcrumb","itemListElement":[{"@type":"ListItem","position":1,"name":"Startseite","item":"https:\/\/ordersend.de\/v4\/"},{"@type":"ListItem","position":2,"name":"Bestandsf\u00fchrung"}]},{"@type":"WebSite","@id":"https:\/\/ordersend.de\/v4\/#website","url":"https:\/\/ordersend.de\/v4\/","name":"OrderSend","description":"Ihre digitale Bestell-App","publisher":{"@id":"https:\/\/ordersend.de\/v4\/#organization"},"potentialAction":[{"@type":"SearchAction","target":{"@type":"EntryPoint","urlTemplate":"https:\/\/ordersend.de\/v4\/?s={search_term_string}"},"query-input":{"@type":"PropertyValueSpecification","valueRequired":true,"valueName":"search_term_string"}}],"inLanguage":"de"},{"@type":"Organization","@id":"https:\/\/ordersend.de\/v4\/#organization","name":"OrderSend","url":"https:\/\/ordersend.de\/v4\/","logo":{"@type":"ImageObject","inLanguage":"de","@id":"https:\/\/ordersend.de\/v4\/#\/schema\/logo\/image\/","url":"https:\/\/ordersend.de\/v4\/wp-content\/uploads\/ordersend_logo_2022_180_w.svg","contentUrl":"https:\/\/ordersend.de\/v4\/wp-content\/uploads\/ordersend_logo_2022_180_w.svg","width":2080,"height":575,"caption":"OrderSend"},"image":{"@id":"https:\/\/ordersend.de\/v4\/#\/schema\/logo\/image\/"}}]}},"_links":{"self":[{"href":"https:\/\/ordersend.de\/v4\/wp-json\/wp\/v2\/pages\/499","targetHints":{"allow":["GET"]}}],"collection":[{"href":"https:\/\/ordersend.de\/v4\/wp-json\/wp\/v2\/pages"}],"about":[{"href":"https:\/\/ordersend.de\/v4\/wp-json\/wp\/v2\/types\/page"}],"author":[{"embeddable":true,"href":"https:\/\/ordersend.de\/v4\/wp-json\/wp\/v2\/users\/1"}],"replies":[{"embeddable":true,"href":"https:\/\/ordersend.de\/v4\/wp-json\/wp\/v2\/comments?post=499"}],"version-history":[{"count":7,"href":"https:\/\/ordersend.de\/v4\/wp-json\/wp\/v2\/pages\/499\/revisions"}],"predecessor-version":[{"id":786,"href":"https:\/\/ordersend.de\/v4\/wp-json\/wp\/v2\/pages\/499\/revisions\/786"}],"wp:attachment":[{"href":"https:\/\/ordersend.de\/v4\/wp-json\/wp\/v2\/media?parent=499"}],"curies":[{"name":"wp","href":"https:\/\/api.w.org\/{rel}","templated":true}]}}