{"id":502,"date":"2023-03-29T12:49:59","date_gmt":"2023-03-29T10:49:59","guid":{"rendered":"https:\/\/ordersend.de\/v4\/?page_id=502"},"modified":"2023-04-05T13:55:51","modified_gmt":"2023-04-05T11:55:51","slug":"barcodes-drucken","status":"publish","type":"page","link":"https:\/\/ordersend.de\/v4\/barcodes-drucken\/","title":{"rendered":"Barcodes drucken"},"content":{"rendered":"<div class=\"wp-block-image\">\n<figure class=\"alignright size-full is-resized\"><img loading=\"lazy\" decoding=\"async\" src=\"https:\/\/ordersend.de\/v4\/wp-content\/uploads\/barcodes_drucken.jpg\" alt=\"\" class=\"wp-image-659\" width=\"447\" height=\"371\" srcset=\"https:\/\/ordersend.de\/v4\/wp-content\/uploads\/barcodes_drucken.jpg 664w, https:\/\/ordersend.de\/v4\/wp-content\/uploads\/barcodes_drucken-300x249.jpg 300w, https:\/\/ordersend.de\/v4\/wp-content\/uploads\/barcodes_drucken-362x300.jpg 362w\" sizes=\"auto, (max-width: 447px) 100vw, 447px\" \/><\/figure><\/div>\n\n\n<p>Barcodes von Produkten, die sich aktuell im digitalen Warenkorb befinden, k\u00f6nnen \u00fcber den Men\u00fcpunkt &#8222;Barcodes drucken&#8220; auf DIN A4 als Liste oder auf einem angeschlossenen Labeldrucker ausgegeben werden.<\/p>\n\n\n\n<p>Bei einigen Produkten \u00e4ndert sich der vom Hersteller aufgedruckte Barcode in regelm\u00e4\u00dfigen Abst\u00e4nden. F\u00fcr jedes Produkt wird neben dem Hersteller-EAN auch ein OrderSend-eigener EAN erzeugt, der auch nach Updates der H\u00e4ndler-Produktliste immer gleich bleibt. Darum bietet es sich an, ein Label mit diesem Barcode an das Lagerregal zu kleben bzw. auf den DIN A4 Listen auszudrucken. <\/p>\n\n\n\n<p>Als Druckoption bieten wir innerhalb der OrderSend-App die Labelformate 54x102mm oder 28x89mm und DIN A4 im 4&#215;8 Raster. Es besteht jedoch die M\u00f6glichkeit, eine eigene Labelgr\u00f6\u00dfe anzugeben.<\/p>\n\n\n\n<p>Berichten Sie uns von Ihren Erfahrungen! K\u00f6nnen wir Ihnen die Arbeit an dieser Stelle noch weiter erleichtern? Gerne lassen wir Ihr Feedback in eine der n\u00e4chsten OrderSend-Versionen einflie\u00dfen.<\/p>\n","protected":false},"excerpt":{"rendered":"<p>Barcodes von Produkten, die sich aktuell im digitalen Warenkorb befinden, k\u00f6nnen \u00fcber den Men\u00fcpunkt &#8222;Barcodes drucken&#8220; auf DIN A4 als Liste oder auf einem angeschlossenen Labeldrucker ausgegeben werden. Bei einigen Produkten \u00e4ndert sich der vom Hersteller aufgedruckte Barcode in regelm\u00e4\u00dfigen Abst\u00e4nden. F\u00fcr jedes Produkt wird neben dem Hersteller-EAN auch ein &hellip;<\/p>\n","protected":false},"author":1,"featured_media":601,"parent":0,"menu_order":0,"comment_status":"closed","ping_status":"closed","template":"","meta":{"footnotes":""},"class_list":["post-502","page","type-page","status-publish","has-post-thumbnail","hentry"],"yoast_head":"<!-- This site is optimized with the Yoast SEO plugin v27.4 - https:\/\/yoast.com\/product\/yoast-seo-wordpress\/ -->\n<title>Barcodes drucken - OrderSend<\/title>\n<meta name=\"robots\" content=\"index, follow, max-snippet:-1, max-image-preview:large, max-video-preview:-1\" \/>\n<link rel=\"canonical\" href=\"https:\/\/ordersend.de\/v4\/barcodes-drucken\/\" \/>\n<meta property=\"og:locale\" content=\"de_DE\" \/>\n<meta property=\"og:type\" content=\"article\" \/>\n<meta property=\"og:title\" content=\"Barcodes drucken - OrderSend\" \/>\n<meta property=\"og:description\" content=\"Barcodes von Produkten, die sich aktuell im digitalen Warenkorb befinden, k\u00f6nnen \u00fcber den Men\u00fcpunkt &#8222;Barcodes drucken&#8220; auf DIN A4 als Liste oder auf einem angeschlossenen Labeldrucker ausgegeben werden. Bei einigen Produkten \u00e4ndert sich der vom Hersteller aufgedruckte Barcode in regelm\u00e4\u00dfigen Abst\u00e4nden. F\u00fcr jedes Produkt wird neben dem Hersteller-EAN auch ein &hellip;\" \/>\n<meta property=\"og:url\" content=\"https:\/\/ordersend.de\/v4\/barcodes-drucken\/\" \/>\n<meta property=\"og:site_name\" content=\"OrderSend\" \/>\n<meta property=\"article:modified_time\" content=\"2023-04-05T11:55:51+00:00\" \/>\n<meta property=\"og:image\" content=\"https:\/\/ordersend.de\/v4\/wp-content\/uploads\/scanner.jpg\" \/>\n\t<meta property=\"og:image:width\" content=\"1151\" \/>\n\t<meta property=\"og:image:height\" content=\"667\" \/>\n\t<meta property=\"og:image:type\" content=\"image\/jpeg\" \/>\n<meta name=\"twitter:card\" content=\"summary_large_image\" \/>\n<meta name=\"twitter:label1\" content=\"Gesch\u00e4tzte Lesezeit\" \/>\n\t<meta name=\"twitter:data1\" content=\"1\u00a0Minute\" \/>\n<script type=\"application\/ld+json\" class=\"yoast-schema-graph\">{\"@context\":\"https:\\\/\\\/schema.org\",\"@graph\":[{\"@type\":\"WebPage\",\"@id\":\"https:\\\/\\\/ordersend.de\\\/v4\\\/barcodes-drucken\\\/\",\"url\":\"https:\\\/\\\/ordersend.de\\\/v4\\\/barcodes-drucken\\\/\",\"name\":\"Barcodes drucken - OrderSend\",\"isPartOf\":{\"@id\":\"https:\\\/\\\/ordersend.de\\\/v4\\\/#website\"},\"primaryImageOfPage\":{\"@id\":\"https:\\\/\\\/ordersend.de\\\/v4\\\/barcodes-drucken\\\/#primaryimage\"},\"image\":{\"@id\":\"https:\\\/\\\/ordersend.de\\\/v4\\\/barcodes-drucken\\\/#primaryimage\"},\"thumbnailUrl\":\"https:\\\/\\\/ordersend.de\\\/v4\\\/wp-content\\\/uploads\\\/scanner.jpg\",\"datePublished\":\"2023-03-29T10:49:59+00:00\",\"dateModified\":\"2023-04-05T11:55:51+00:00\",\"breadcrumb\":{\"@id\":\"https:\\\/\\\/ordersend.de\\\/v4\\\/barcodes-drucken\\\/#breadcrumb\"},\"inLanguage\":\"de\",\"potentialAction\":[{\"@type\":\"ReadAction\",\"target\":[\"https:\\\/\\\/ordersend.de\\\/v4\\\/barcodes-drucken\\\/\"]}]},{\"@type\":\"ImageObject\",\"inLanguage\":\"de\",\"@id\":\"https:\\\/\\\/ordersend.de\\\/v4\\\/barcodes-drucken\\\/#primaryimage\",\"url\":\"https:\\\/\\\/ordersend.de\\\/v4\\\/wp-content\\\/uploads\\\/scanner.jpg\",\"contentUrl\":\"https:\\\/\\\/ordersend.de\\\/v4\\\/wp-content\\\/uploads\\\/scanner.jpg\",\"width\":1151,\"height\":667},{\"@type\":\"BreadcrumbList\",\"@id\":\"https:\\\/\\\/ordersend.de\\\/v4\\\/barcodes-drucken\\\/#breadcrumb\",\"itemListElement\":[{\"@type\":\"ListItem\",\"position\":1,\"name\":\"Startseite\",\"item\":\"https:\\\/\\\/ordersend.de\\\/v4\\\/\"},{\"@type\":\"ListItem\",\"position\":2,\"name\":\"Barcodes drucken\"}]},{\"@type\":\"WebSite\",\"@id\":\"https:\\\/\\\/ordersend.de\\\/v4\\\/#website\",\"url\":\"https:\\\/\\\/ordersend.de\\\/v4\\\/\",\"name\":\"OrderSend\",\"description\":\"Ihre digitale Bestell-App\",\"publisher\":{\"@id\":\"https:\\\/\\\/ordersend.de\\\/v4\\\/#organization\"},\"potentialAction\":[{\"@type\":\"SearchAction\",\"target\":{\"@type\":\"EntryPoint\",\"urlTemplate\":\"https:\\\/\\\/ordersend.de\\\/v4\\\/?s={search_term_string}\"},\"query-input\":{\"@type\":\"PropertyValueSpecification\",\"valueRequired\":true,\"valueName\":\"search_term_string\"}}],\"inLanguage\":\"de\"},{\"@type\":\"Organization\",\"@id\":\"https:\\\/\\\/ordersend.de\\\/v4\\\/#organization\",\"name\":\"OrderSend\",\"url\":\"https:\\\/\\\/ordersend.de\\\/v4\\\/\",\"logo\":{\"@type\":\"ImageObject\",\"inLanguage\":\"de\",\"@id\":\"https:\\\/\\\/ordersend.de\\\/v4\\\/#\\\/schema\\\/logo\\\/image\\\/\",\"url\":\"https:\\\/\\\/ordersend.de\\\/v4\\\/wp-content\\\/uploads\\\/ordersend_logo_2022_180_w.svg\",\"contentUrl\":\"https:\\\/\\\/ordersend.de\\\/v4\\\/wp-content\\\/uploads\\\/ordersend_logo_2022_180_w.svg\",\"width\":2080,\"height\":575,\"caption\":\"OrderSend\"},\"image\":{\"@id\":\"https:\\\/\\\/ordersend.de\\\/v4\\\/#\\\/schema\\\/logo\\\/image\\\/\"}}]}<\/script>\n<!-- \/ Yoast SEO plugin. -->","yoast_head_json":{"title":"Barcodes drucken - OrderSend","robots":{"index":"index","follow":"follow","max-snippet":"max-snippet:-1","max-image-preview":"max-image-preview:large","max-video-preview":"max-video-preview:-1"},"canonical":"https:\/\/ordersend.de\/v4\/barcodes-drucken\/","og_locale":"de_DE","og_type":"article","og_title":"Barcodes drucken - OrderSend","og_description":"Barcodes von Produkten, die sich aktuell im digitalen Warenkorb befinden, k\u00f6nnen \u00fcber den Men\u00fcpunkt &#8222;Barcodes drucken&#8220; auf DIN A4 als Liste oder auf einem angeschlossenen Labeldrucker ausgegeben werden. Bei einigen Produkten \u00e4ndert sich der vom Hersteller aufgedruckte Barcode in regelm\u00e4\u00dfigen Abst\u00e4nden. F\u00fcr jedes Produkt wird neben dem Hersteller-EAN auch ein &hellip;","og_url":"https:\/\/ordersend.de\/v4\/barcodes-drucken\/","og_site_name":"OrderSend","article_modified_time":"2023-04-05T11:55:51+00:00","og_image":[{"width":1151,"height":667,"url":"https:\/\/ordersend.de\/v4\/wp-content\/uploads\/scanner.jpg","type":"image\/jpeg"}],"twitter_card":"summary_large_image","twitter_misc":{"Gesch\u00e4tzte Lesezeit":"1\u00a0Minute"},"schema":{"@context":"https:\/\/schema.org","@graph":[{"@type":"WebPage","@id":"https:\/\/ordersend.de\/v4\/barcodes-drucken\/","url":"https:\/\/ordersend.de\/v4\/barcodes-drucken\/","name":"Barcodes drucken - OrderSend","isPartOf":{"@id":"https:\/\/ordersend.de\/v4\/#website"},"primaryImageOfPage":{"@id":"https:\/\/ordersend.de\/v4\/barcodes-drucken\/#primaryimage"},"image":{"@id":"https:\/\/ordersend.de\/v4\/barcodes-drucken\/#primaryimage"},"thumbnailUrl":"https:\/\/ordersend.de\/v4\/wp-content\/uploads\/scanner.jpg","datePublished":"2023-03-29T10:49:59+00:00","dateModified":"2023-04-05T11:55:51+00:00","breadcrumb":{"@id":"https:\/\/ordersend.de\/v4\/barcodes-drucken\/#breadcrumb"},"inLanguage":"de","potentialAction":[{"@type":"ReadAction","target":["https:\/\/ordersend.de\/v4\/barcodes-drucken\/"]}]},{"@type":"ImageObject","inLanguage":"de","@id":"https:\/\/ordersend.de\/v4\/barcodes-drucken\/#primaryimage","url":"https:\/\/ordersend.de\/v4\/wp-content\/uploads\/scanner.jpg","contentUrl":"https:\/\/ordersend.de\/v4\/wp-content\/uploads\/scanner.jpg","width":1151,"height":667},{"@type":"BreadcrumbList","@id":"https:\/\/ordersend.de\/v4\/barcodes-drucken\/#breadcrumb","itemListElement":[{"@type":"ListItem","position":1,"name":"Startseite","item":"https:\/\/ordersend.de\/v4\/"},{"@type":"ListItem","position":2,"name":"Barcodes drucken"}]},{"@type":"WebSite","@id":"https:\/\/ordersend.de\/v4\/#website","url":"https:\/\/ordersend.de\/v4\/","name":"OrderSend","description":"Ihre digitale Bestell-App","publisher":{"@id":"https:\/\/ordersend.de\/v4\/#organization"},"potentialAction":[{"@type":"SearchAction","target":{"@type":"EntryPoint","urlTemplate":"https:\/\/ordersend.de\/v4\/?s={search_term_string}"},"query-input":{"@type":"PropertyValueSpecification","valueRequired":true,"valueName":"search_term_string"}}],"inLanguage":"de"},{"@type":"Organization","@id":"https:\/\/ordersend.de\/v4\/#organization","name":"OrderSend","url":"https:\/\/ordersend.de\/v4\/","logo":{"@type":"ImageObject","inLanguage":"de","@id":"https:\/\/ordersend.de\/v4\/#\/schema\/logo\/image\/","url":"https:\/\/ordersend.de\/v4\/wp-content\/uploads\/ordersend_logo_2022_180_w.svg","contentUrl":"https:\/\/ordersend.de\/v4\/wp-content\/uploads\/ordersend_logo_2022_180_w.svg","width":2080,"height":575,"caption":"OrderSend"},"image":{"@id":"https:\/\/ordersend.de\/v4\/#\/schema\/logo\/image\/"}}]}},"_links":{"self":[{"href":"https:\/\/ordersend.de\/v4\/wp-json\/wp\/v2\/pages\/502","targetHints":{"allow":["GET"]}}],"collection":[{"href":"https:\/\/ordersend.de\/v4\/wp-json\/wp\/v2\/pages"}],"about":[{"href":"https:\/\/ordersend.de\/v4\/wp-json\/wp\/v2\/types\/page"}],"author":[{"embeddable":true,"href":"https:\/\/ordersend.de\/v4\/wp-json\/wp\/v2\/users\/1"}],"replies":[{"embeddable":true,"href":"https:\/\/ordersend.de\/v4\/wp-json\/wp\/v2\/comments?post=502"}],"version-history":[{"count":4,"href":"https:\/\/ordersend.de\/v4\/wp-json\/wp\/v2\/pages\/502\/revisions"}],"predecessor-version":[{"id":660,"href":"https:\/\/ordersend.de\/v4\/wp-json\/wp\/v2\/pages\/502\/revisions\/660"}],"wp:featuredmedia":[{"embeddable":true,"href":"https:\/\/ordersend.de\/v4\/wp-json\/wp\/v2\/media\/601"}],"wp:attachment":[{"href":"https:\/\/ordersend.de\/v4\/wp-json\/wp\/v2\/media?parent=502"}],"curies":[{"name":"wp","href":"https:\/\/api.w.org\/{rel}","templated":true}]}}