{"id":512,"date":"2023-03-29T13:03:36","date_gmt":"2023-03-29T11:03:36","guid":{"rendered":"https:\/\/ordersend.de\/v4\/?page_id=512"},"modified":"2023-03-30T11:29:17","modified_gmt":"2023-03-30T09:29:17","slug":"volltextsuche","status":"publish","type":"page","link":"https:\/\/ordersend.de\/v4\/volltextsuche\/","title":{"rendered":"Volltextsuche"},"content":{"rendered":"<div class=\"wp-block-image\">\n<figure class=\"alignright size-full is-resized\"><img loading=\"lazy\" decoding=\"async\" src=\"https:\/\/ordersend.de\/v4\/wp-content\/uploads\/ordersend_app_v4.jpg\" alt=\"\" class=\"wp-image-570\" width=\"479\" height=\"479\" srcset=\"https:\/\/ordersend.de\/v4\/wp-content\/uploads\/ordersend_app_v4.jpg 600w, https:\/\/ordersend.de\/v4\/wp-content\/uploads\/ordersend_app_v4-300x300.jpg 300w, https:\/\/ordersend.de\/v4\/wp-content\/uploads\/ordersend_app_v4-150x150.jpg 150w\" sizes=\"auto, (max-width: 479px) 100vw, 479px\" \/><\/figure><\/div>\n\n\n<p>Um Produkte in der vom H\u00e4ndler bereitgestellten Produktliste zu finden, k\u00f6nnen beliebige Details der Produktbeschreibung, der Herstellernummer oder der H\u00e4ndler-Artikelnummer in das Suchfeld eingegeben werden.<\/p>\n\n\n\n<p><strong>Die App sucht standardm\u00e4\u00dfig nach Daten in allen Feldern.&nbsp;<\/strong>Oberhalb der Suchergebnisse werden jedoch auch Schaltfl\u00e4chen eingeblendet, um gezielt nur in den Produktbeschreibungen, den Herstellernummern oder in den H\u00e4ndler-Artikelnummern in der Produktliste zu suchen.<\/p>\n\n\n\n<p><strong>M\u00f6gliche Fehlerquellen<\/strong>: Die Anzahl der Suchergebnisse h\u00e4ngt wesentlich von der Pflege der bereitgestellten H\u00e4ndler-Produktliste ab: Produktdaten, die vom H\u00e4ndler nicht in der Produktliste bereitgestellt wurden, k\u00f6nnen von OrderSend nicht angezeigt werden. Ebenso verh\u00e4lt es sich mit Produkten, deren EAN-Barcode beim Scan in OrderSend nicht einem Produkt zugeordnet werden kann. Dieser ist dann in der H\u00e4ndler-Produktliste entweder nicht \u2013 oder fehlerhaft erfasst.<\/p>\n\n\n\n<p>Die&nbsp;<strong>Anzahl der angezeigten Treffer<\/strong>&nbsp;bei der Suche kann in den Einstellungen angepasst werden. Die Voreinstellung in OrderSend listet maximal 50 Suchergebnisse auf. Mit der Eingabe von weiteren Suchbegriffen in das Suchfeld kann das gesuchte Produkt jeweils weiter eingegrenzt werden.<\/p>\n","protected":false},"excerpt":{"rendered":"<p>Um Produkte in der vom H\u00e4ndler bereitgestellten Produktliste zu finden, k\u00f6nnen beliebige Details der Produktbeschreibung, der Herstellernummer oder der H\u00e4ndler-Artikelnummer in das Suchfeld eingegeben werden. Die App sucht standardm\u00e4\u00dfig nach Daten in allen Feldern.&nbsp;Oberhalb der Suchergebnisse werden jedoch auch Schaltfl\u00e4chen eingeblendet, um gezielt nur in den Produktbeschreibungen, den Herstellernummern oder &hellip;<\/p>\n","protected":false},"author":1,"featured_media":0,"parent":0,"menu_order":0,"comment_status":"closed","ping_status":"closed","template":"","meta":{"footnotes":""},"class_list":["post-512","page","type-page","status-publish","hentry"],"yoast_head":"<!-- This site is optimized with the Yoast SEO plugin v27.4 - https:\/\/yoast.com\/product\/yoast-seo-wordpress\/ -->\n<title>Volltextsuche - OrderSend<\/title>\n<meta name=\"robots\" content=\"index, follow, max-snippet:-1, max-image-preview:large, max-video-preview:-1\" \/>\n<link rel=\"canonical\" href=\"https:\/\/ordersend.de\/v4\/volltextsuche\/\" \/>\n<meta property=\"og:locale\" content=\"de_DE\" \/>\n<meta property=\"og:type\" content=\"article\" \/>\n<meta property=\"og:title\" content=\"Volltextsuche - OrderSend\" \/>\n<meta property=\"og:description\" content=\"Um Produkte in der vom H\u00e4ndler bereitgestellten Produktliste zu finden, k\u00f6nnen beliebige Details der Produktbeschreibung, der Herstellernummer oder der H\u00e4ndler-Artikelnummer in das Suchfeld eingegeben werden. Die App sucht standardm\u00e4\u00dfig nach Daten in allen Feldern.&nbsp;Oberhalb der Suchergebnisse werden jedoch auch Schaltfl\u00e4chen eingeblendet, um gezielt nur in den Produktbeschreibungen, den Herstellernummern oder &hellip;\" \/>\n<meta property=\"og:url\" content=\"https:\/\/ordersend.de\/v4\/volltextsuche\/\" \/>\n<meta property=\"og:site_name\" content=\"OrderSend\" \/>\n<meta property=\"article:modified_time\" content=\"2023-03-30T09:29:17+00:00\" \/>\n<meta property=\"og:image\" content=\"https:\/\/ordersend.de\/v4\/wp-content\/uploads\/ordersend_app_v4.jpg\" \/>\n<meta name=\"twitter:card\" content=\"summary_large_image\" \/>\n<meta name=\"twitter:label1\" content=\"Gesch\u00e4tzte Lesezeit\" \/>\n\t<meta name=\"twitter:data1\" content=\"1\u00a0Minute\" \/>\n<script type=\"application\/ld+json\" class=\"yoast-schema-graph\">{\"@context\":\"https:\\\/\\\/schema.org\",\"@graph\":[{\"@type\":\"WebPage\",\"@id\":\"https:\\\/\\\/ordersend.de\\\/v4\\\/volltextsuche\\\/\",\"url\":\"https:\\\/\\\/ordersend.de\\\/v4\\\/volltextsuche\\\/\",\"name\":\"Volltextsuche - OrderSend\",\"isPartOf\":{\"@id\":\"https:\\\/\\\/ordersend.de\\\/v4\\\/#website\"},\"primaryImageOfPage\":{\"@id\":\"https:\\\/\\\/ordersend.de\\\/v4\\\/volltextsuche\\\/#primaryimage\"},\"image\":{\"@id\":\"https:\\\/\\\/ordersend.de\\\/v4\\\/volltextsuche\\\/#primaryimage\"},\"thumbnailUrl\":\"https:\\\/\\\/ordersend.de\\\/v4\\\/wp-content\\\/uploads\\\/ordersend_app_v4.jpg\",\"datePublished\":\"2023-03-29T11:03:36+00:00\",\"dateModified\":\"2023-03-30T09:29:17+00:00\",\"breadcrumb\":{\"@id\":\"https:\\\/\\\/ordersend.de\\\/v4\\\/volltextsuche\\\/#breadcrumb\"},\"inLanguage\":\"de\",\"potentialAction\":[{\"@type\":\"ReadAction\",\"target\":[\"https:\\\/\\\/ordersend.de\\\/v4\\\/volltextsuche\\\/\"]}]},{\"@type\":\"ImageObject\",\"inLanguage\":\"de\",\"@id\":\"https:\\\/\\\/ordersend.de\\\/v4\\\/volltextsuche\\\/#primaryimage\",\"url\":\"https:\\\/\\\/ordersend.de\\\/v4\\\/wp-content\\\/uploads\\\/ordersend_app_v4.jpg\",\"contentUrl\":\"https:\\\/\\\/ordersend.de\\\/v4\\\/wp-content\\\/uploads\\\/ordersend_app_v4.jpg\",\"width\":600,\"height\":600},{\"@type\":\"BreadcrumbList\",\"@id\":\"https:\\\/\\\/ordersend.de\\\/v4\\\/volltextsuche\\\/#breadcrumb\",\"itemListElement\":[{\"@type\":\"ListItem\",\"position\":1,\"name\":\"Startseite\",\"item\":\"https:\\\/\\\/ordersend.de\\\/v4\\\/\"},{\"@type\":\"ListItem\",\"position\":2,\"name\":\"Volltextsuche\"}]},{\"@type\":\"WebSite\",\"@id\":\"https:\\\/\\\/ordersend.de\\\/v4\\\/#website\",\"url\":\"https:\\\/\\\/ordersend.de\\\/v4\\\/\",\"name\":\"OrderSend\",\"description\":\"Ihre digitale Bestell-App\",\"publisher\":{\"@id\":\"https:\\\/\\\/ordersend.de\\\/v4\\\/#organization\"},\"potentialAction\":[{\"@type\":\"SearchAction\",\"target\":{\"@type\":\"EntryPoint\",\"urlTemplate\":\"https:\\\/\\\/ordersend.de\\\/v4\\\/?s={search_term_string}\"},\"query-input\":{\"@type\":\"PropertyValueSpecification\",\"valueRequired\":true,\"valueName\":\"search_term_string\"}}],\"inLanguage\":\"de\"},{\"@type\":\"Organization\",\"@id\":\"https:\\\/\\\/ordersend.de\\\/v4\\\/#organization\",\"name\":\"OrderSend\",\"url\":\"https:\\\/\\\/ordersend.de\\\/v4\\\/\",\"logo\":{\"@type\":\"ImageObject\",\"inLanguage\":\"de\",\"@id\":\"https:\\\/\\\/ordersend.de\\\/v4\\\/#\\\/schema\\\/logo\\\/image\\\/\",\"url\":\"https:\\\/\\\/ordersend.de\\\/v4\\\/wp-content\\\/uploads\\\/ordersend_logo_2022_180_w.svg\",\"contentUrl\":\"https:\\\/\\\/ordersend.de\\\/v4\\\/wp-content\\\/uploads\\\/ordersend_logo_2022_180_w.svg\",\"width\":2080,\"height\":575,\"caption\":\"OrderSend\"},\"image\":{\"@id\":\"https:\\\/\\\/ordersend.de\\\/v4\\\/#\\\/schema\\\/logo\\\/image\\\/\"}}]}<\/script>\n<!-- \/ Yoast SEO plugin. -->","yoast_head_json":{"title":"Volltextsuche - OrderSend","robots":{"index":"index","follow":"follow","max-snippet":"max-snippet:-1","max-image-preview":"max-image-preview:large","max-video-preview":"max-video-preview:-1"},"canonical":"https:\/\/ordersend.de\/v4\/volltextsuche\/","og_locale":"de_DE","og_type":"article","og_title":"Volltextsuche - OrderSend","og_description":"Um Produkte in der vom H\u00e4ndler bereitgestellten Produktliste zu finden, k\u00f6nnen beliebige Details der Produktbeschreibung, der Herstellernummer oder der H\u00e4ndler-Artikelnummer in das Suchfeld eingegeben werden. Die App sucht standardm\u00e4\u00dfig nach Daten in allen Feldern.&nbsp;Oberhalb der Suchergebnisse werden jedoch auch Schaltfl\u00e4chen eingeblendet, um gezielt nur in den Produktbeschreibungen, den Herstellernummern oder &hellip;","og_url":"https:\/\/ordersend.de\/v4\/volltextsuche\/","og_site_name":"OrderSend","article_modified_time":"2023-03-30T09:29:17+00:00","og_image":[{"url":"https:\/\/ordersend.de\/v4\/wp-content\/uploads\/ordersend_app_v4.jpg","type":"","width":"","height":""}],"twitter_card":"summary_large_image","twitter_misc":{"Gesch\u00e4tzte Lesezeit":"1\u00a0Minute"},"schema":{"@context":"https:\/\/schema.org","@graph":[{"@type":"WebPage","@id":"https:\/\/ordersend.de\/v4\/volltextsuche\/","url":"https:\/\/ordersend.de\/v4\/volltextsuche\/","name":"Volltextsuche - OrderSend","isPartOf":{"@id":"https:\/\/ordersend.de\/v4\/#website"},"primaryImageOfPage":{"@id":"https:\/\/ordersend.de\/v4\/volltextsuche\/#primaryimage"},"image":{"@id":"https:\/\/ordersend.de\/v4\/volltextsuche\/#primaryimage"},"thumbnailUrl":"https:\/\/ordersend.de\/v4\/wp-content\/uploads\/ordersend_app_v4.jpg","datePublished":"2023-03-29T11:03:36+00:00","dateModified":"2023-03-30T09:29:17+00:00","breadcrumb":{"@id":"https:\/\/ordersend.de\/v4\/volltextsuche\/#breadcrumb"},"inLanguage":"de","potentialAction":[{"@type":"ReadAction","target":["https:\/\/ordersend.de\/v4\/volltextsuche\/"]}]},{"@type":"ImageObject","inLanguage":"de","@id":"https:\/\/ordersend.de\/v4\/volltextsuche\/#primaryimage","url":"https:\/\/ordersend.de\/v4\/wp-content\/uploads\/ordersend_app_v4.jpg","contentUrl":"https:\/\/ordersend.de\/v4\/wp-content\/uploads\/ordersend_app_v4.jpg","width":600,"height":600},{"@type":"BreadcrumbList","@id":"https:\/\/ordersend.de\/v4\/volltextsuche\/#breadcrumb","itemListElement":[{"@type":"ListItem","position":1,"name":"Startseite","item":"https:\/\/ordersend.de\/v4\/"},{"@type":"ListItem","position":2,"name":"Volltextsuche"}]},{"@type":"WebSite","@id":"https:\/\/ordersend.de\/v4\/#website","url":"https:\/\/ordersend.de\/v4\/","name":"OrderSend","description":"Ihre digitale Bestell-App","publisher":{"@id":"https:\/\/ordersend.de\/v4\/#organization"},"potentialAction":[{"@type":"SearchAction","target":{"@type":"EntryPoint","urlTemplate":"https:\/\/ordersend.de\/v4\/?s={search_term_string}"},"query-input":{"@type":"PropertyValueSpecification","valueRequired":true,"valueName":"search_term_string"}}],"inLanguage":"de"},{"@type":"Organization","@id":"https:\/\/ordersend.de\/v4\/#organization","name":"OrderSend","url":"https:\/\/ordersend.de\/v4\/","logo":{"@type":"ImageObject","inLanguage":"de","@id":"https:\/\/ordersend.de\/v4\/#\/schema\/logo\/image\/","url":"https:\/\/ordersend.de\/v4\/wp-content\/uploads\/ordersend_logo_2022_180_w.svg","contentUrl":"https:\/\/ordersend.de\/v4\/wp-content\/uploads\/ordersend_logo_2022_180_w.svg","width":2080,"height":575,"caption":"OrderSend"},"image":{"@id":"https:\/\/ordersend.de\/v4\/#\/schema\/logo\/image\/"}}]}},"_links":{"self":[{"href":"https:\/\/ordersend.de\/v4\/wp-json\/wp\/v2\/pages\/512","targetHints":{"allow":["GET"]}}],"collection":[{"href":"https:\/\/ordersend.de\/v4\/wp-json\/wp\/v2\/pages"}],"about":[{"href":"https:\/\/ordersend.de\/v4\/wp-json\/wp\/v2\/types\/page"}],"author":[{"embeddable":true,"href":"https:\/\/ordersend.de\/v4\/wp-json\/wp\/v2\/users\/1"}],"replies":[{"embeddable":true,"href":"https:\/\/ordersend.de\/v4\/wp-json\/wp\/v2\/comments?post=512"}],"version-history":[{"count":4,"href":"https:\/\/ordersend.de\/v4\/wp-json\/wp\/v2\/pages\/512\/revisions"}],"predecessor-version":[{"id":571,"href":"https:\/\/ordersend.de\/v4\/wp-json\/wp\/v2\/pages\/512\/revisions\/571"}],"wp:attachment":[{"href":"https:\/\/ordersend.de\/v4\/wp-json\/wp\/v2\/media?parent=512"}],"curies":[{"name":"wp","href":"https:\/\/api.w.org\/{rel}","templated":true}]}}