{"id":515,"date":"2023-03-29T13:04:13","date_gmt":"2023-03-29T11:04:13","guid":{"rendered":"https:\/\/ordersend.de\/v4\/?page_id=515"},"modified":"2024-02-24T18:29:31","modified_gmt":"2024-02-24T17:29:31","slug":"favoriten-listen","status":"publish","type":"page","link":"https:\/\/ordersend.de\/v4\/favoriten-listen\/","title":{"rendered":"Favoriten-Listen"},"content":{"rendered":"<div class=\"wp-block-image is-resized\">\n<figure class=\"alignright size-large\"><img loading=\"lazy\" decoding=\"async\" width=\"1024\" height=\"1024\" src=\"https:\/\/ordersend.de\/v4\/wp-content\/uploads\/letzte_suche-1024x1024.jpg\" alt=\"\" class=\"wp-image-584\" style=\"width:278px;height:auto\" srcset=\"https:\/\/ordersend.de\/v4\/wp-content\/uploads\/letzte_suche-1024x1024.jpg 1024w, https:\/\/ordersend.de\/v4\/wp-content\/uploads\/letzte_suche-300x300.jpg 300w, https:\/\/ordersend.de\/v4\/wp-content\/uploads\/letzte_suche-150x150.jpg 150w, https:\/\/ordersend.de\/v4\/wp-content\/uploads\/letzte_suche-768x768.jpg 768w, https:\/\/ordersend.de\/v4\/wp-content\/uploads\/letzte_suche.jpg 1051w\" sizes=\"auto, (max-width: 1024px) 100vw, 1024px\" \/><\/figure><\/div>\n\n\n<p>Sie k\u00f6nnen Produkte aus einer der beiden Favoriten-Listen \u201e<strong>Oft bestellt<\/strong>\u201c und \u201e<strong>Zuletzt bestellt<\/strong>\u201c dem Warenkorb hinzuf\u00fcgen. F\u00fcr die Zusammenstellung dieser Listen werden die Daten aller Produkte ausgewertet, die mit OrderSend \u00fcber Ihre Kundennummer beim H\u00e4ndler innerhalb der letzten 30 Tage bestellt wurden.<\/p>\n\n\n\n<p>Oberhalb der Favoriten-Listen wird der Bereich \u201e<strong>Zuletzt gesucht<\/strong>\u201c aufgef\u00fchrt. Diese Liste wird automatisiert gebildet, wenn ein Produkt aus den Suchtreffern der aktuellen Volltextsuche dem digitalen Warenkorb hinzugef\u00fcgt wurde.<\/p>\n\n\n\n<p>Aus den \u201e<em>Mein Lager<\/em>\u201c Daten speist sich die Liste \u201e<strong>Bestellvorschlag<\/strong>\u201c f\u00fcr Produkte, deren Bestand den Meldebestand erreicht bzw. unterschreitet. Diese Liste wird auch oberhalb der Favoriten-Listen angezeigt. Mit Klick auf das Warenkorb-Symbol hinter der Bezeichnung &#8222;Bestellvorschlag&#8220; k\u00f6nnen alle vorgeschlagenen Produkte mit entsprechender Menge (Differenz zum Maximalbestand) direkt in den digitalen Warenkorb verschoben werden.<\/p>\n\n\n\n<p>Jedes Produkt kann zudem in die Favoritenliste &#8222;<strong>Meine Favoriten<\/strong>&#8220; aufgenommen werden, die jetzt im Men\u00fc \u00fcber den Men\u00fcpunkt mit dem &#8222;Stern&#8220;-Symbol erreichbar ist. Sieben unterscheidbare Farbkategorien erm\u00f6glichen die Aufnahme von Produkten in unterschiedliche Rubriken. Die Zuweisung erfolgt \u00fcber die Registerkarte &#8222;<strong>Lager<\/strong>&#8220; eines jeden Produktes mit Klick auf das Stern-Icon im unteren Bereich. Mehrfaches Klicken durchl\u00e4uft die sieben verf\u00fcgbaren Farbkategorien. Der Klick auf &#8222;Speichern&#8220; \u00fcbertr\u00e4gt die Auswahl und aktualisiert die Favoritenliste &#8222;Meine Favoriten&#8220;. In den &#8222;<strong>Einstellungen<\/strong>&#8220; von OrderSend kann zudem jeder Farbkategorie eine individuelle kurze Beschriftung (32 Zeichen) zugewiesen werden.<\/p>\n","protected":false},"excerpt":{"rendered":"<p>Sie k\u00f6nnen Produkte aus einer der beiden Favoriten-Listen \u201eOft bestellt\u201c und \u201eZuletzt bestellt\u201c dem Warenkorb hinzuf\u00fcgen. F\u00fcr die Zusammenstellung dieser Listen werden die Daten aller Produkte ausgewertet, die mit OrderSend \u00fcber Ihre Kundennummer beim H\u00e4ndler innerhalb der letzten 30 Tage bestellt wurden. Oberhalb der Favoriten-Listen wird der Bereich \u201eZuletzt gesucht\u201c &hellip;<\/p>\n","protected":false},"author":1,"featured_media":0,"parent":0,"menu_order":0,"comment_status":"closed","ping_status":"closed","template":"","meta":{"footnotes":""},"class_list":["post-515","page","type-page","status-publish","hentry"],"yoast_head":"<!-- This site is optimized with the Yoast SEO plugin v27.4 - https:\/\/yoast.com\/product\/yoast-seo-wordpress\/ -->\n<title>Favoriten-Listen - OrderSend<\/title>\n<meta name=\"robots\" content=\"index, follow, max-snippet:-1, max-image-preview:large, max-video-preview:-1\" \/>\n<link rel=\"canonical\" href=\"https:\/\/ordersend.de\/v4\/favoriten-listen\/\" \/>\n<meta property=\"og:locale\" content=\"de_DE\" \/>\n<meta property=\"og:type\" content=\"article\" \/>\n<meta property=\"og:title\" content=\"Favoriten-Listen - OrderSend\" \/>\n<meta property=\"og:description\" content=\"Sie k\u00f6nnen Produkte aus einer der beiden Favoriten-Listen \u201eOft bestellt\u201c und \u201eZuletzt bestellt\u201c dem Warenkorb hinzuf\u00fcgen. F\u00fcr die Zusammenstellung dieser Listen werden die Daten aller Produkte ausgewertet, die mit OrderSend \u00fcber Ihre Kundennummer beim H\u00e4ndler innerhalb der letzten 30 Tage bestellt wurden. Oberhalb der Favoriten-Listen wird der Bereich \u201eZuletzt gesucht\u201c &hellip;\" \/>\n<meta property=\"og:url\" content=\"https:\/\/ordersend.de\/v4\/favoriten-listen\/\" \/>\n<meta property=\"og:site_name\" content=\"OrderSend\" \/>\n<meta property=\"article:modified_time\" content=\"2024-02-24T17:29:31+00:00\" \/>\n<meta property=\"og:image\" content=\"https:\/\/ordersend.de\/v4\/wp-content\/uploads\/letzte_suche-1024x1024.jpg\" \/>\n<meta name=\"twitter:card\" content=\"summary_large_image\" \/>\n<meta name=\"twitter:label1\" content=\"Gesch\u00e4tzte Lesezeit\" \/>\n\t<meta name=\"twitter:data1\" content=\"2\u00a0Minuten\" \/>\n<script type=\"application\/ld+json\" class=\"yoast-schema-graph\">{\"@context\":\"https:\\\/\\\/schema.org\",\"@graph\":[{\"@type\":\"WebPage\",\"@id\":\"https:\\\/\\\/ordersend.de\\\/v4\\\/favoriten-listen\\\/\",\"url\":\"https:\\\/\\\/ordersend.de\\\/v4\\\/favoriten-listen\\\/\",\"name\":\"Favoriten-Listen - OrderSend\",\"isPartOf\":{\"@id\":\"https:\\\/\\\/ordersend.de\\\/v4\\\/#website\"},\"primaryImageOfPage\":{\"@id\":\"https:\\\/\\\/ordersend.de\\\/v4\\\/favoriten-listen\\\/#primaryimage\"},\"image\":{\"@id\":\"https:\\\/\\\/ordersend.de\\\/v4\\\/favoriten-listen\\\/#primaryimage\"},\"thumbnailUrl\":\"https:\\\/\\\/ordersend.de\\\/v4\\\/wp-content\\\/uploads\\\/letzte_suche-1024x1024.jpg\",\"datePublished\":\"2023-03-29T11:04:13+00:00\",\"dateModified\":\"2024-02-24T17:29:31+00:00\",\"breadcrumb\":{\"@id\":\"https:\\\/\\\/ordersend.de\\\/v4\\\/favoriten-listen\\\/#breadcrumb\"},\"inLanguage\":\"de\",\"potentialAction\":[{\"@type\":\"ReadAction\",\"target\":[\"https:\\\/\\\/ordersend.de\\\/v4\\\/favoriten-listen\\\/\"]}]},{\"@type\":\"ImageObject\",\"inLanguage\":\"de\",\"@id\":\"https:\\\/\\\/ordersend.de\\\/v4\\\/favoriten-listen\\\/#primaryimage\",\"url\":\"https:\\\/\\\/ordersend.de\\\/v4\\\/wp-content\\\/uploads\\\/letzte_suche.jpg\",\"contentUrl\":\"https:\\\/\\\/ordersend.de\\\/v4\\\/wp-content\\\/uploads\\\/letzte_suche.jpg\",\"width\":1051,\"height\":1051},{\"@type\":\"BreadcrumbList\",\"@id\":\"https:\\\/\\\/ordersend.de\\\/v4\\\/favoriten-listen\\\/#breadcrumb\",\"itemListElement\":[{\"@type\":\"ListItem\",\"position\":1,\"name\":\"Startseite\",\"item\":\"https:\\\/\\\/ordersend.de\\\/v4\\\/\"},{\"@type\":\"ListItem\",\"position\":2,\"name\":\"Favoriten-Listen\"}]},{\"@type\":\"WebSite\",\"@id\":\"https:\\\/\\\/ordersend.de\\\/v4\\\/#website\",\"url\":\"https:\\\/\\\/ordersend.de\\\/v4\\\/\",\"name\":\"OrderSend\",\"description\":\"Ihre digitale Bestell-App\",\"publisher\":{\"@id\":\"https:\\\/\\\/ordersend.de\\\/v4\\\/#organization\"},\"potentialAction\":[{\"@type\":\"SearchAction\",\"target\":{\"@type\":\"EntryPoint\",\"urlTemplate\":\"https:\\\/\\\/ordersend.de\\\/v4\\\/?s={search_term_string}\"},\"query-input\":{\"@type\":\"PropertyValueSpecification\",\"valueRequired\":true,\"valueName\":\"search_term_string\"}}],\"inLanguage\":\"de\"},{\"@type\":\"Organization\",\"@id\":\"https:\\\/\\\/ordersend.de\\\/v4\\\/#organization\",\"name\":\"OrderSend\",\"url\":\"https:\\\/\\\/ordersend.de\\\/v4\\\/\",\"logo\":{\"@type\":\"ImageObject\",\"inLanguage\":\"de\",\"@id\":\"https:\\\/\\\/ordersend.de\\\/v4\\\/#\\\/schema\\\/logo\\\/image\\\/\",\"url\":\"https:\\\/\\\/ordersend.de\\\/v4\\\/wp-content\\\/uploads\\\/ordersend_logo_2022_180_w.svg\",\"contentUrl\":\"https:\\\/\\\/ordersend.de\\\/v4\\\/wp-content\\\/uploads\\\/ordersend_logo_2022_180_w.svg\",\"width\":2080,\"height\":575,\"caption\":\"OrderSend\"},\"image\":{\"@id\":\"https:\\\/\\\/ordersend.de\\\/v4\\\/#\\\/schema\\\/logo\\\/image\\\/\"}}]}<\/script>\n<!-- \/ Yoast SEO plugin. -->","yoast_head_json":{"title":"Favoriten-Listen - OrderSend","robots":{"index":"index","follow":"follow","max-snippet":"max-snippet:-1","max-image-preview":"max-image-preview:large","max-video-preview":"max-video-preview:-1"},"canonical":"https:\/\/ordersend.de\/v4\/favoriten-listen\/","og_locale":"de_DE","og_type":"article","og_title":"Favoriten-Listen - OrderSend","og_description":"Sie k\u00f6nnen Produkte aus einer der beiden Favoriten-Listen \u201eOft bestellt\u201c und \u201eZuletzt bestellt\u201c dem Warenkorb hinzuf\u00fcgen. F\u00fcr die Zusammenstellung dieser Listen werden die Daten aller Produkte ausgewertet, die mit OrderSend \u00fcber Ihre Kundennummer beim H\u00e4ndler innerhalb der letzten 30 Tage bestellt wurden. Oberhalb der Favoriten-Listen wird der Bereich \u201eZuletzt gesucht\u201c &hellip;","og_url":"https:\/\/ordersend.de\/v4\/favoriten-listen\/","og_site_name":"OrderSend","article_modified_time":"2024-02-24T17:29:31+00:00","og_image":[{"url":"https:\/\/ordersend.de\/v4\/wp-content\/uploads\/letzte_suche-1024x1024.jpg","type":"","width":"","height":""}],"twitter_card":"summary_large_image","twitter_misc":{"Gesch\u00e4tzte Lesezeit":"2\u00a0Minuten"},"schema":{"@context":"https:\/\/schema.org","@graph":[{"@type":"WebPage","@id":"https:\/\/ordersend.de\/v4\/favoriten-listen\/","url":"https:\/\/ordersend.de\/v4\/favoriten-listen\/","name":"Favoriten-Listen - OrderSend","isPartOf":{"@id":"https:\/\/ordersend.de\/v4\/#website"},"primaryImageOfPage":{"@id":"https:\/\/ordersend.de\/v4\/favoriten-listen\/#primaryimage"},"image":{"@id":"https:\/\/ordersend.de\/v4\/favoriten-listen\/#primaryimage"},"thumbnailUrl":"https:\/\/ordersend.de\/v4\/wp-content\/uploads\/letzte_suche-1024x1024.jpg","datePublished":"2023-03-29T11:04:13+00:00","dateModified":"2024-02-24T17:29:31+00:00","breadcrumb":{"@id":"https:\/\/ordersend.de\/v4\/favoriten-listen\/#breadcrumb"},"inLanguage":"de","potentialAction":[{"@type":"ReadAction","target":["https:\/\/ordersend.de\/v4\/favoriten-listen\/"]}]},{"@type":"ImageObject","inLanguage":"de","@id":"https:\/\/ordersend.de\/v4\/favoriten-listen\/#primaryimage","url":"https:\/\/ordersend.de\/v4\/wp-content\/uploads\/letzte_suche.jpg","contentUrl":"https:\/\/ordersend.de\/v4\/wp-content\/uploads\/letzte_suche.jpg","width":1051,"height":1051},{"@type":"BreadcrumbList","@id":"https:\/\/ordersend.de\/v4\/favoriten-listen\/#breadcrumb","itemListElement":[{"@type":"ListItem","position":1,"name":"Startseite","item":"https:\/\/ordersend.de\/v4\/"},{"@type":"ListItem","position":2,"name":"Favoriten-Listen"}]},{"@type":"WebSite","@id":"https:\/\/ordersend.de\/v4\/#website","url":"https:\/\/ordersend.de\/v4\/","name":"OrderSend","description":"Ihre digitale Bestell-App","publisher":{"@id":"https:\/\/ordersend.de\/v4\/#organization"},"potentialAction":[{"@type":"SearchAction","target":{"@type":"EntryPoint","urlTemplate":"https:\/\/ordersend.de\/v4\/?s={search_term_string}"},"query-input":{"@type":"PropertyValueSpecification","valueRequired":true,"valueName":"search_term_string"}}],"inLanguage":"de"},{"@type":"Organization","@id":"https:\/\/ordersend.de\/v4\/#organization","name":"OrderSend","url":"https:\/\/ordersend.de\/v4\/","logo":{"@type":"ImageObject","inLanguage":"de","@id":"https:\/\/ordersend.de\/v4\/#\/schema\/logo\/image\/","url":"https:\/\/ordersend.de\/v4\/wp-content\/uploads\/ordersend_logo_2022_180_w.svg","contentUrl":"https:\/\/ordersend.de\/v4\/wp-content\/uploads\/ordersend_logo_2022_180_w.svg","width":2080,"height":575,"caption":"OrderSend"},"image":{"@id":"https:\/\/ordersend.de\/v4\/#\/schema\/logo\/image\/"}}]}},"_links":{"self":[{"href":"https:\/\/ordersend.de\/v4\/wp-json\/wp\/v2\/pages\/515","targetHints":{"allow":["GET"]}}],"collection":[{"href":"https:\/\/ordersend.de\/v4\/wp-json\/wp\/v2\/pages"}],"about":[{"href":"https:\/\/ordersend.de\/v4\/wp-json\/wp\/v2\/types\/page"}],"author":[{"embeddable":true,"href":"https:\/\/ordersend.de\/v4\/wp-json\/wp\/v2\/users\/1"}],"replies":[{"embeddable":true,"href":"https:\/\/ordersend.de\/v4\/wp-json\/wp\/v2\/comments?post=515"}],"version-history":[{"count":4,"href":"https:\/\/ordersend.de\/v4\/wp-json\/wp\/v2\/pages\/515\/revisions"}],"predecessor-version":[{"id":779,"href":"https:\/\/ordersend.de\/v4\/wp-json\/wp\/v2\/pages\/515\/revisions\/779"}],"wp:attachment":[{"href":"https:\/\/ordersend.de\/v4\/wp-json\/wp\/v2\/media?parent=515"}],"curies":[{"name":"wp","href":"https:\/\/api.w.org\/{rel}","templated":true}]}}