{"id":518,"date":"2023-03-29T13:04:21","date_gmt":"2023-03-29T11:04:21","guid":{"rendered":"https:\/\/ordersend.de\/v4\/?page_id=518"},"modified":"2023-04-03T16:29:28","modified_gmt":"2023-04-03T14:29:28","slug":"meine-favoriten","status":"publish","type":"page","link":"https:\/\/ordersend.de\/v4\/meine-favoriten\/","title":{"rendered":"Meine Favoriten"},"content":{"rendered":"<div class=\"wp-block-image\">\n<figure class=\"alignright size-full is-resized\"><img loading=\"lazy\" decoding=\"async\" src=\"https:\/\/ordersend.de\/v4\/wp-content\/uploads\/lager_registerkarte.jpg\" alt=\"\" class=\"wp-image-618\" width=\"418\" height=\"342\" srcset=\"https:\/\/ordersend.de\/v4\/wp-content\/uploads\/lager_registerkarte.jpg 556w, https:\/\/ordersend.de\/v4\/wp-content\/uploads\/lager_registerkarte-300x246.jpg 300w, https:\/\/ordersend.de\/v4\/wp-content\/uploads\/lager_registerkarte-367x300.jpg 367w\" sizes=\"auto, (max-width: 418px) 100vw, 418px\" \/><\/figure><\/div>\n\n\n<p>Zu jedem Produkt in der H\u00e4ndler-Produktliste k\u00f6nnen Sie, immer bezogen auf die H\u00e4ndler-Artikelnummer, weitere Daten anf\u00fcgen. So k\u00f6nnen Sie im Dialog \u201e<strong><em>Menge<\/em><\/strong>\u201c auf die Registerkarte \u201e<strong><em>Lager<\/em><\/strong>\u201c wechseln und mit Klick\/Tipp auf das Stern-Symbol im daraufhin erscheinenden Dialog eine farbige Markierung des aktuellen Produktes in allen Listen erreichen. Die Farben k\u00f6nnen Sie durch weiteren Klick\/Tipp auf das Stern-Symbol von Gr\u00fcn, Rot, Blau, Gelb, Violett, T\u00fcrkis bis zu Orange wechseln. Anschlie\u00dfend beginnt die Reihe erneut. Mit Schwarz ist die Favoritenfunktion deaktiviert.<\/p>\n\n\n\n<p>Die so markierten Produkte werden in der Liste \u201e<strong><em>Meine Favoriten<\/em><\/strong>\u201c oberhalb der beiden automatisch erzeugten Favoritenlisten \u201e<strong><em>Oft bestellt<\/em><\/strong>\u201c und \u201e<strong><em>Zuletzt bestellt<\/em><\/strong>\u201c beim Start der App angezeigt.<\/p>\n\n\n\n<p>Auch in den Suchergebnissen werden diese Produkte entsprechend der hinterlegten Favoritengruppe farbig hervorgehoben.<\/p>\n\n\n<div class=\"wp-block-image\">\n<figure class=\"alignleft size-full is-resized\"><img loading=\"lazy\" decoding=\"async\" src=\"https:\/\/ordersend.de\/v4\/wp-content\/uploads\/favorit_rot.jpg\" alt=\"\" class=\"wp-image-621\" width=\"502\" height=\"195\" srcset=\"https:\/\/ordersend.de\/v4\/wp-content\/uploads\/favorit_rot.jpg 829w, https:\/\/ordersend.de\/v4\/wp-content\/uploads\/favorit_rot-300x117.jpg 300w, https:\/\/ordersend.de\/v4\/wp-content\/uploads\/favorit_rot-768x298.jpg 768w, https:\/\/ordersend.de\/v4\/wp-content\/uploads\/favorit_rot-536x208.jpg 536w\" sizes=\"auto, (max-width: 502px) 100vw, 502px\" \/><\/figure><\/div>","protected":false},"excerpt":{"rendered":"<p>Zu jedem Produkt in der H\u00e4ndler-Produktliste k\u00f6nnen Sie, immer bezogen auf die H\u00e4ndler-Artikelnummer, weitere Daten anf\u00fcgen. So k\u00f6nnen Sie im Dialog \u201eMenge\u201c auf die Registerkarte \u201eLager\u201c wechseln und mit Klick\/Tipp auf das Stern-Symbol im daraufhin erscheinenden Dialog eine farbige Markierung des aktuellen Produktes in allen Listen erreichen. Die Farben k\u00f6nnen &hellip;<\/p>\n","protected":false},"author":1,"featured_media":0,"parent":0,"menu_order":0,"comment_status":"closed","ping_status":"closed","template":"","meta":{"footnotes":""},"class_list":["post-518","page","type-page","status-publish","hentry"],"yoast_head":"<!-- This site is optimized with the Yoast SEO plugin v27.4 - https:\/\/yoast.com\/product\/yoast-seo-wordpress\/ -->\n<title>Meine Favoriten - OrderSend<\/title>\n<meta name=\"robots\" content=\"index, follow, max-snippet:-1, max-image-preview:large, max-video-preview:-1\" \/>\n<link rel=\"canonical\" href=\"https:\/\/ordersend.de\/v4\/meine-favoriten\/\" \/>\n<meta property=\"og:locale\" content=\"de_DE\" \/>\n<meta property=\"og:type\" content=\"article\" \/>\n<meta property=\"og:title\" content=\"Meine Favoriten - OrderSend\" \/>\n<meta property=\"og:description\" content=\"Zu jedem Produkt in der H\u00e4ndler-Produktliste k\u00f6nnen Sie, immer bezogen auf die H\u00e4ndler-Artikelnummer, weitere Daten anf\u00fcgen. So k\u00f6nnen Sie im Dialog \u201eMenge\u201c auf die Registerkarte \u201eLager\u201c wechseln und mit Klick\/Tipp auf das Stern-Symbol im daraufhin erscheinenden Dialog eine farbige Markierung des aktuellen Produktes in allen Listen erreichen. Die Farben k\u00f6nnen &hellip;\" \/>\n<meta property=\"og:url\" content=\"https:\/\/ordersend.de\/v4\/meine-favoriten\/\" \/>\n<meta property=\"og:site_name\" content=\"OrderSend\" \/>\n<meta property=\"article:modified_time\" content=\"2023-04-03T14:29:28+00:00\" \/>\n<meta property=\"og:image\" content=\"https:\/\/ordersend.de\/v4\/wp-content\/uploads\/lager_registerkarte.jpg\" \/>\n<meta name=\"twitter:card\" content=\"summary_large_image\" \/>\n<meta name=\"twitter:label1\" content=\"Gesch\u00e4tzte Lesezeit\" \/>\n\t<meta name=\"twitter:data1\" content=\"1\u00a0Minute\" \/>\n<script type=\"application\/ld+json\" class=\"yoast-schema-graph\">{\"@context\":\"https:\\\/\\\/schema.org\",\"@graph\":[{\"@type\":\"WebPage\",\"@id\":\"https:\\\/\\\/ordersend.de\\\/v4\\\/meine-favoriten\\\/\",\"url\":\"https:\\\/\\\/ordersend.de\\\/v4\\\/meine-favoriten\\\/\",\"name\":\"Meine Favoriten - OrderSend\",\"isPartOf\":{\"@id\":\"https:\\\/\\\/ordersend.de\\\/v4\\\/#website\"},\"primaryImageOfPage\":{\"@id\":\"https:\\\/\\\/ordersend.de\\\/v4\\\/meine-favoriten\\\/#primaryimage\"},\"image\":{\"@id\":\"https:\\\/\\\/ordersend.de\\\/v4\\\/meine-favoriten\\\/#primaryimage\"},\"thumbnailUrl\":\"https:\\\/\\\/ordersend.de\\\/v4\\\/wp-content\\\/uploads\\\/lager_registerkarte.jpg\",\"datePublished\":\"2023-03-29T11:04:21+00:00\",\"dateModified\":\"2023-04-03T14:29:28+00:00\",\"breadcrumb\":{\"@id\":\"https:\\\/\\\/ordersend.de\\\/v4\\\/meine-favoriten\\\/#breadcrumb\"},\"inLanguage\":\"de\",\"potentialAction\":[{\"@type\":\"ReadAction\",\"target\":[\"https:\\\/\\\/ordersend.de\\\/v4\\\/meine-favoriten\\\/\"]}]},{\"@type\":\"ImageObject\",\"inLanguage\":\"de\",\"@id\":\"https:\\\/\\\/ordersend.de\\\/v4\\\/meine-favoriten\\\/#primaryimage\",\"url\":\"https:\\\/\\\/ordersend.de\\\/v4\\\/wp-content\\\/uploads\\\/lager_registerkarte.jpg\",\"contentUrl\":\"https:\\\/\\\/ordersend.de\\\/v4\\\/wp-content\\\/uploads\\\/lager_registerkarte.jpg\",\"width\":556,\"height\":455},{\"@type\":\"BreadcrumbList\",\"@id\":\"https:\\\/\\\/ordersend.de\\\/v4\\\/meine-favoriten\\\/#breadcrumb\",\"itemListElement\":[{\"@type\":\"ListItem\",\"position\":1,\"name\":\"Startseite\",\"item\":\"https:\\\/\\\/ordersend.de\\\/v4\\\/\"},{\"@type\":\"ListItem\",\"position\":2,\"name\":\"Meine Favoriten\"}]},{\"@type\":\"WebSite\",\"@id\":\"https:\\\/\\\/ordersend.de\\\/v4\\\/#website\",\"url\":\"https:\\\/\\\/ordersend.de\\\/v4\\\/\",\"name\":\"OrderSend\",\"description\":\"Ihre digitale Bestell-App\",\"publisher\":{\"@id\":\"https:\\\/\\\/ordersend.de\\\/v4\\\/#organization\"},\"potentialAction\":[{\"@type\":\"SearchAction\",\"target\":{\"@type\":\"EntryPoint\",\"urlTemplate\":\"https:\\\/\\\/ordersend.de\\\/v4\\\/?s={search_term_string}\"},\"query-input\":{\"@type\":\"PropertyValueSpecification\",\"valueRequired\":true,\"valueName\":\"search_term_string\"}}],\"inLanguage\":\"de\"},{\"@type\":\"Organization\",\"@id\":\"https:\\\/\\\/ordersend.de\\\/v4\\\/#organization\",\"name\":\"OrderSend\",\"url\":\"https:\\\/\\\/ordersend.de\\\/v4\\\/\",\"logo\":{\"@type\":\"ImageObject\",\"inLanguage\":\"de\",\"@id\":\"https:\\\/\\\/ordersend.de\\\/v4\\\/#\\\/schema\\\/logo\\\/image\\\/\",\"url\":\"https:\\\/\\\/ordersend.de\\\/v4\\\/wp-content\\\/uploads\\\/ordersend_logo_2022_180_w.svg\",\"contentUrl\":\"https:\\\/\\\/ordersend.de\\\/v4\\\/wp-content\\\/uploads\\\/ordersend_logo_2022_180_w.svg\",\"width\":2080,\"height\":575,\"caption\":\"OrderSend\"},\"image\":{\"@id\":\"https:\\\/\\\/ordersend.de\\\/v4\\\/#\\\/schema\\\/logo\\\/image\\\/\"}}]}<\/script>\n<!-- \/ Yoast SEO plugin. -->","yoast_head_json":{"title":"Meine Favoriten - OrderSend","robots":{"index":"index","follow":"follow","max-snippet":"max-snippet:-1","max-image-preview":"max-image-preview:large","max-video-preview":"max-video-preview:-1"},"canonical":"https:\/\/ordersend.de\/v4\/meine-favoriten\/","og_locale":"de_DE","og_type":"article","og_title":"Meine Favoriten - OrderSend","og_description":"Zu jedem Produkt in der H\u00e4ndler-Produktliste k\u00f6nnen Sie, immer bezogen auf die H\u00e4ndler-Artikelnummer, weitere Daten anf\u00fcgen. So k\u00f6nnen Sie im Dialog \u201eMenge\u201c auf die Registerkarte \u201eLager\u201c wechseln und mit Klick\/Tipp auf das Stern-Symbol im daraufhin erscheinenden Dialog eine farbige Markierung des aktuellen Produktes in allen Listen erreichen. Die Farben k\u00f6nnen &hellip;","og_url":"https:\/\/ordersend.de\/v4\/meine-favoriten\/","og_site_name":"OrderSend","article_modified_time":"2023-04-03T14:29:28+00:00","og_image":[{"url":"https:\/\/ordersend.de\/v4\/wp-content\/uploads\/lager_registerkarte.jpg","type":"","width":"","height":""}],"twitter_card":"summary_large_image","twitter_misc":{"Gesch\u00e4tzte Lesezeit":"1\u00a0Minute"},"schema":{"@context":"https:\/\/schema.org","@graph":[{"@type":"WebPage","@id":"https:\/\/ordersend.de\/v4\/meine-favoriten\/","url":"https:\/\/ordersend.de\/v4\/meine-favoriten\/","name":"Meine Favoriten - OrderSend","isPartOf":{"@id":"https:\/\/ordersend.de\/v4\/#website"},"primaryImageOfPage":{"@id":"https:\/\/ordersend.de\/v4\/meine-favoriten\/#primaryimage"},"image":{"@id":"https:\/\/ordersend.de\/v4\/meine-favoriten\/#primaryimage"},"thumbnailUrl":"https:\/\/ordersend.de\/v4\/wp-content\/uploads\/lager_registerkarte.jpg","datePublished":"2023-03-29T11:04:21+00:00","dateModified":"2023-04-03T14:29:28+00:00","breadcrumb":{"@id":"https:\/\/ordersend.de\/v4\/meine-favoriten\/#breadcrumb"},"inLanguage":"de","potentialAction":[{"@type":"ReadAction","target":["https:\/\/ordersend.de\/v4\/meine-favoriten\/"]}]},{"@type":"ImageObject","inLanguage":"de","@id":"https:\/\/ordersend.de\/v4\/meine-favoriten\/#primaryimage","url":"https:\/\/ordersend.de\/v4\/wp-content\/uploads\/lager_registerkarte.jpg","contentUrl":"https:\/\/ordersend.de\/v4\/wp-content\/uploads\/lager_registerkarte.jpg","width":556,"height":455},{"@type":"BreadcrumbList","@id":"https:\/\/ordersend.de\/v4\/meine-favoriten\/#breadcrumb","itemListElement":[{"@type":"ListItem","position":1,"name":"Startseite","item":"https:\/\/ordersend.de\/v4\/"},{"@type":"ListItem","position":2,"name":"Meine Favoriten"}]},{"@type":"WebSite","@id":"https:\/\/ordersend.de\/v4\/#website","url":"https:\/\/ordersend.de\/v4\/","name":"OrderSend","description":"Ihre digitale Bestell-App","publisher":{"@id":"https:\/\/ordersend.de\/v4\/#organization"},"potentialAction":[{"@type":"SearchAction","target":{"@type":"EntryPoint","urlTemplate":"https:\/\/ordersend.de\/v4\/?s={search_term_string}"},"query-input":{"@type":"PropertyValueSpecification","valueRequired":true,"valueName":"search_term_string"}}],"inLanguage":"de"},{"@type":"Organization","@id":"https:\/\/ordersend.de\/v4\/#organization","name":"OrderSend","url":"https:\/\/ordersend.de\/v4\/","logo":{"@type":"ImageObject","inLanguage":"de","@id":"https:\/\/ordersend.de\/v4\/#\/schema\/logo\/image\/","url":"https:\/\/ordersend.de\/v4\/wp-content\/uploads\/ordersend_logo_2022_180_w.svg","contentUrl":"https:\/\/ordersend.de\/v4\/wp-content\/uploads\/ordersend_logo_2022_180_w.svg","width":2080,"height":575,"caption":"OrderSend"},"image":{"@id":"https:\/\/ordersend.de\/v4\/#\/schema\/logo\/image\/"}}]}},"_links":{"self":[{"href":"https:\/\/ordersend.de\/v4\/wp-json\/wp\/v2\/pages\/518","targetHints":{"allow":["GET"]}}],"collection":[{"href":"https:\/\/ordersend.de\/v4\/wp-json\/wp\/v2\/pages"}],"about":[{"href":"https:\/\/ordersend.de\/v4\/wp-json\/wp\/v2\/types\/page"}],"author":[{"embeddable":true,"href":"https:\/\/ordersend.de\/v4\/wp-json\/wp\/v2\/users\/1"}],"replies":[{"embeddable":true,"href":"https:\/\/ordersend.de\/v4\/wp-json\/wp\/v2\/comments?post=518"}],"version-history":[{"count":3,"href":"https:\/\/ordersend.de\/v4\/wp-json\/wp\/v2\/pages\/518\/revisions"}],"predecessor-version":[{"id":622,"href":"https:\/\/ordersend.de\/v4\/wp-json\/wp\/v2\/pages\/518\/revisions\/622"}],"wp:attachment":[{"href":"https:\/\/ordersend.de\/v4\/wp-json\/wp\/v2\/media?parent=518"}],"curies":[{"name":"wp","href":"https:\/\/api.w.org\/{rel}","templated":true}]}}