{"id":524,"date":"2023-03-29T13:04:58","date_gmt":"2023-03-29T11:04:58","guid":{"rendered":"https:\/\/ordersend.de\/v4\/?page_id=524"},"modified":"2023-06-12T13:20:21","modified_gmt":"2023-06-12T11:20:21","slug":"barcode-scan","status":"publish","type":"page","link":"https:\/\/ordersend.de\/v4\/barcode-scan\/","title":{"rendered":"Barcode Scan"},"content":{"rendered":"\n<p>Mit der App k\u00f6nnen Sie&nbsp;<strong>EAN13 und UPC-A Barcodes&nbsp;<\/strong>scannen. Dazu k\u00f6nnen Sie die Kamera des Mobiltelefons nutzen, aber auch einen externen Barcode-Scanner verwenden. Aufgrund der besseren Erkennungsrate und der zur Mobiltelefonkamera erh\u00f6hten Geschwindigkeit empfehlen wir die Nutzung von Barcode-Scannern.<\/p>\n\n\n\n<blockquote class=\"wp-block-quote is-layout-flow wp-block-quote-is-layout-flow\">\n<p>Sofern Sie OrderSend auf einem Mobiltelefon mit integrierter Kamera nutzen, welche der Browser erfolgreich erkannt hat, wird rechts neben dem Suchfeld ein \u201e<strong>Scan-Button<\/strong>\u201c eingeblendet.<br>Hinweis: Manche Browser verlangen zus\u00e4tzlich nach der Best\u00e4tigung einer Sicherheitseinstellung f\u00fcr die Verwendung der Kamera. OrderSend muss dazu auch mit SSL \u00fcber https:\/\/ordersend.app aufgerufen sein.<\/p>\n<\/blockquote>\n\n\n<div class=\"wp-block-image\">\n<figure class=\"alignright size-full is-resized\"><img loading=\"lazy\" decoding=\"async\" src=\"https:\/\/ordersend.de\/v4\/wp-content\/uploads\/bcscan.jpg\" alt=\"\" class=\"wp-image-610\" width=\"234\" height=\"193\" srcset=\"https:\/\/ordersend.de\/v4\/wp-content\/uploads\/bcscan.jpg 962w, https:\/\/ordersend.de\/v4\/wp-content\/uploads\/bcscan-300x248.jpg 300w, https:\/\/ordersend.de\/v4\/wp-content\/uploads\/bcscan-768x635.jpg 768w, https:\/\/ordersend.de\/v4\/wp-content\/uploads\/bcscan-363x300.jpg 363w\" sizes=\"auto, (max-width: 234px) 100vw, 234px\" \/><\/figure><\/div>\n\n\n<figure class=\"wp-block-image size-full is-resized\"><img loading=\"lazy\" decoding=\"async\" src=\"https:\/\/ordersend.de\/v4\/wp-content\/uploads\/scanbutton.jpg\" alt=\"Scan-Button (Kamera)\" class=\"wp-image-612\" width=\"48\" height=\"51\"\/><\/figure>\n\n\n\n<p>Sie k\u00f6nnen den Scan mit der Kamera des Mobiltelefons mit dem \u201e<strong>Scan-Button<\/strong>\u201c aktivieren. Sobald Sie das Kamerabild im Display sehen, zielen Sie mit der Kamera auf den EAN-Barcode des zu scannenden Produktes. Die App versucht, diesen Barcode zu erkennen und in der aktuellen H\u00e4ndler-Produktliste zu finden. War dies erfolgreich, wird der Produktname im Suchfeld angezeigt und \u00fcber dem Kamerabild erscheint die Einblendung der aktuell f\u00fcr dieses Produkt im Warenkorb befindlichen Menge.<\/p>\n\n\n\n<p><strong>Hinweis:<\/strong>&nbsp;Erfahrungsgem\u00e4\u00df sollten Sie -je nach verwendetem mobilen Endger\u00e4t &#8211; den Scan jeweils nach einigen \u201eam St\u00fcck\u201c erfassten Barcodes kurzzeitig unterbrechen. Je \u00e4lter das mobile Endger\u00e4t, um so problematischer kann die dauerhaft aktivierte Kamera f\u00fcr das System werden. Die Kamera reduziert die Akkuleistung \u00fcberdurchschnittlich und erhitzt das Endger\u00e4t unter Umst\u00e4nden.<\/p>\n\n\n<div class=\"wp-block-image\">\n<figure class=\"alignright size-large is-resized\"><img loading=\"lazy\" decoding=\"async\" src=\"https:\/\/ordersend.de\/v4\/wp-content\/uploads\/scanner-1024x593.jpg\" alt=\"\" class=\"wp-image-601\" width=\"336\" height=\"194\" srcset=\"https:\/\/ordersend.de\/v4\/wp-content\/uploads\/scanner-1024x593.jpg 1024w, https:\/\/ordersend.de\/v4\/wp-content\/uploads\/scanner-300x174.jpg 300w, https:\/\/ordersend.de\/v4\/wp-content\/uploads\/scanner-768x445.jpg 768w, https:\/\/ordersend.de\/v4\/wp-content\/uploads\/scanner-518x300.jpg 518w, https:\/\/ordersend.de\/v4\/wp-content\/uploads\/scanner.jpg 1151w\" sizes=\"auto, (max-width: 336px) 100vw, 336px\" \/><\/figure><\/div>\n\n\n<p>Wir haben die App f\u00fcr die Nutzung von externen Barcode Scannern optimiert. Diese lassen sich sehr einfach z.B. \u00fcber Bluetooth oder \u00fcber einen kleinen 2.4GHz USB-Dongle mit dem Mobiltelefon oder dem PC verbinden. <\/p>\n\n\n\n<p>Wir empfehlen aktuell die von uns intensiv getesteten Modelle <strong>Inateck BCST-50<\/strong> (Funkreichweite 2.4GHz Dongle bis zu 30m und Bluetooth bis zu 10m), <strong>Inateck BCST-60<\/strong> (nur per 2.4GHz, 30m) und <strong>Inateck BCST-70<\/strong> (nur per Bluetooth, 10m).<\/p>\n\n\n\n<p>Der externe Barcode Scanner sollte den Wert des erkannten EAN-Barcodes mit einem anschlie\u00dfendem Enter-Zeichen (CR\/LF) senden. Bei den von uns getesteten Ger\u00e4ten war dies jeweils die Auslieferungs-Einstellung. So kann er nach Anschluss an das mit OrderSend genutzte Ger\u00e4t sofort genutzt werden. Eine Konfiguration innerhalb von OrderSend ist nicht erforderlich. Das Scanverhalten kann jedoch mit der Einstellung &#8222;Mehrfachscan erh\u00f6ht die Menge&#8220; beeinflusst werden.<\/p>\n\n\n\n<p>Die App unterst\u00fctzt aktuell vom Scanner \u00fcbermittelte<strong>&nbsp;EAN12<\/strong> (UPC-A) <strong>und EAN13 Barcodes<\/strong>.<\/p>\n\n\n\n<p>Tipp: <em>Wir haben OrderSend auch mit dem&nbsp;<strong>Inventur-Scan<\/strong>&nbsp;Modus der Inateck Scanner erfolgreich getestet. Damit k\u00f6nnen Sie nach Aktivierung dieses speziellen Erfassungsmodus ohne Verbindung zur App (Offline) mit dem Scanner durch Ihr Lager gehen und Produktbarcodes scannen. Anschlie\u00dfend k\u00f6nnen Sie nach Verbinden des Scanners mit dem Ger\u00e4t, auf dem die OrderSend App l\u00e4uft, den Inhalt des Speichers des Barcodescanners wiedergeben lassen. Dazu muss lediglich ein spezieller Steuerbarcode gescannt werden, der der Bedienungsanleitung des Scanners zu entnehmen ist. OrderSend arbeitet im Regelfall (abh\u00e4ngig von Ger\u00e4t\/Browser) schnell genug, um mit den Barcode-Daten jeweils das passende Produkt aus der Datenbank zu finden und im Warenkorb abzulegen. <\/em><\/p>\n\n\n\n<p>Wir stellen Ihnen hier die Handb\u00fccher der Inateck Scanner BCST-50, BCST-60 und BCST-70 zur Verf\u00fcgung. Darin finden Sie die ben\u00f6tigten Steuerbarcodes f\u00fcr die drei Modelle:<\/p>\n\n\n\n<div class=\"wp-block-buttons is-layout-flex wp-block-buttons-is-layout-flex\">\n<div class=\"wp-block-button\"><a class=\"wp-block-button__link wp-element-button\" href=\"https:\/\/ordersend.de\/v4\/wp-content\/uploads\/BCST-50_Supplementary_Manual-V2_DE.pdf\" target=\"_blank\" rel=\"noreferrer noopener\">Handbuch Scanner Inateck BCST-50<\/a><\/div>\n\n\n\n<div class=\"wp-block-button\"><a class=\"wp-block-button__link wp-element-button\" href=\"https:\/\/ordersend.de\/v4\/wp-content\/uploads\/BCST-60_Complete_Manual-V3_DE.pdf\" target=\"_blank\" rel=\"noreferrer noopener\">Handbuch Scanner Inateck BCST-60<\/a><\/div>\n\n\n\n<div class=\"wp-block-button\"><a class=\"wp-block-button__link wp-element-button\" href=\"https:\/\/ordersend.de\/v4\/wp-content\/uploads\/BCST-70_Complete_Manual-V3_DE.pdf\" target=\"_blank\" rel=\"noreferrer noopener\">Handbuch Scanner Inateck BCST-70<\/a><\/div>\n<\/div>\n\n\n\n<div class=\"wp-block-buttons is-layout-flex wp-block-buttons-is-layout-flex\">\n<div class=\"wp-block-button\"><a class=\"wp-block-button__link wp-element-button\" href=\"https:\/\/ordersend.de\/v4\/wp-content\/uploads\/BCST-50_Manual-V26.pdf\" target=\"_blank\" rel=\"noreferrer noopener\">Inateck BCST-50 Scanner Handbuch<\/a><\/div>\n<\/div>\n","protected":false},"excerpt":{"rendered":"<p>Mit der App k\u00f6nnen Sie&nbsp;EAN13 und UPC-A Barcodes&nbsp;scannen. Dazu k\u00f6nnen Sie die Kamera des Mobiltelefons nutzen, aber auch einen externen Barcode-Scanner verwenden. Aufgrund der besseren Erkennungsrate und der zur Mobiltelefonkamera erh\u00f6hten Geschwindigkeit empfehlen wir die Nutzung von Barcode-Scannern. Sofern Sie OrderSend auf einem Mobiltelefon mit integrierter Kamera nutzen, welche der &hellip;<\/p>\n","protected":false},"author":1,"featured_media":0,"parent":0,"menu_order":0,"comment_status":"closed","ping_status":"closed","template":"","meta":{"footnotes":""},"class_list":["post-524","page","type-page","status-publish","hentry"],"yoast_head":"<!-- This site is optimized with the Yoast SEO plugin v27.4 - https:\/\/yoast.com\/product\/yoast-seo-wordpress\/ -->\n<title>Barcode Scan - OrderSend<\/title>\n<meta name=\"robots\" content=\"index, follow, max-snippet:-1, max-image-preview:large, max-video-preview:-1\" \/>\n<link rel=\"canonical\" href=\"https:\/\/ordersend.de\/v4\/barcode-scan\/\" \/>\n<meta property=\"og:locale\" content=\"de_DE\" \/>\n<meta property=\"og:type\" content=\"article\" \/>\n<meta property=\"og:title\" content=\"Barcode Scan - OrderSend\" \/>\n<meta property=\"og:description\" content=\"Mit der App k\u00f6nnen Sie&nbsp;EAN13 und UPC-A Barcodes&nbsp;scannen. Dazu k\u00f6nnen Sie die Kamera des Mobiltelefons nutzen, aber auch einen externen Barcode-Scanner verwenden. Aufgrund der besseren Erkennungsrate und der zur Mobiltelefonkamera erh\u00f6hten Geschwindigkeit empfehlen wir die Nutzung von Barcode-Scannern. Sofern Sie OrderSend auf einem Mobiltelefon mit integrierter Kamera nutzen, welche der &hellip;\" \/>\n<meta property=\"og:url\" content=\"https:\/\/ordersend.de\/v4\/barcode-scan\/\" \/>\n<meta property=\"og:site_name\" content=\"OrderSend\" \/>\n<meta property=\"article:modified_time\" content=\"2023-06-12T11:20:21+00:00\" \/>\n<meta property=\"og:image\" content=\"https:\/\/ordersend.de\/v4\/wp-content\/uploads\/bcscan.jpg\" \/>\n<meta name=\"twitter:card\" content=\"summary_large_image\" \/>\n<meta name=\"twitter:label1\" content=\"Gesch\u00e4tzte Lesezeit\" \/>\n\t<meta name=\"twitter:data1\" content=\"4\u00a0Minuten\" \/>\n<script type=\"application\/ld+json\" class=\"yoast-schema-graph\">{\"@context\":\"https:\\\/\\\/schema.org\",\"@graph\":[{\"@type\":\"WebPage\",\"@id\":\"https:\\\/\\\/ordersend.de\\\/v4\\\/barcode-scan\\\/\",\"url\":\"https:\\\/\\\/ordersend.de\\\/v4\\\/barcode-scan\\\/\",\"name\":\"Barcode Scan - OrderSend\",\"isPartOf\":{\"@id\":\"https:\\\/\\\/ordersend.de\\\/v4\\\/#website\"},\"primaryImageOfPage\":{\"@id\":\"https:\\\/\\\/ordersend.de\\\/v4\\\/barcode-scan\\\/#primaryimage\"},\"image\":{\"@id\":\"https:\\\/\\\/ordersend.de\\\/v4\\\/barcode-scan\\\/#primaryimage\"},\"thumbnailUrl\":\"https:\\\/\\\/ordersend.de\\\/v4\\\/wp-content\\\/uploads\\\/bcscan.jpg\",\"datePublished\":\"2023-03-29T11:04:58+00:00\",\"dateModified\":\"2023-06-12T11:20:21+00:00\",\"breadcrumb\":{\"@id\":\"https:\\\/\\\/ordersend.de\\\/v4\\\/barcode-scan\\\/#breadcrumb\"},\"inLanguage\":\"de\",\"potentialAction\":[{\"@type\":\"ReadAction\",\"target\":[\"https:\\\/\\\/ordersend.de\\\/v4\\\/barcode-scan\\\/\"]}]},{\"@type\":\"ImageObject\",\"inLanguage\":\"de\",\"@id\":\"https:\\\/\\\/ordersend.de\\\/v4\\\/barcode-scan\\\/#primaryimage\",\"url\":\"https:\\\/\\\/ordersend.de\\\/v4\\\/wp-content\\\/uploads\\\/bcscan.jpg\",\"contentUrl\":\"https:\\\/\\\/ordersend.de\\\/v4\\\/wp-content\\\/uploads\\\/bcscan.jpg\",\"width\":962,\"height\":795},{\"@type\":\"BreadcrumbList\",\"@id\":\"https:\\\/\\\/ordersend.de\\\/v4\\\/barcode-scan\\\/#breadcrumb\",\"itemListElement\":[{\"@type\":\"ListItem\",\"position\":1,\"name\":\"Startseite\",\"item\":\"https:\\\/\\\/ordersend.de\\\/v4\\\/\"},{\"@type\":\"ListItem\",\"position\":2,\"name\":\"Barcode Scan\"}]},{\"@type\":\"WebSite\",\"@id\":\"https:\\\/\\\/ordersend.de\\\/v4\\\/#website\",\"url\":\"https:\\\/\\\/ordersend.de\\\/v4\\\/\",\"name\":\"OrderSend\",\"description\":\"Ihre digitale Bestell-App\",\"publisher\":{\"@id\":\"https:\\\/\\\/ordersend.de\\\/v4\\\/#organization\"},\"potentialAction\":[{\"@type\":\"SearchAction\",\"target\":{\"@type\":\"EntryPoint\",\"urlTemplate\":\"https:\\\/\\\/ordersend.de\\\/v4\\\/?s={search_term_string}\"},\"query-input\":{\"@type\":\"PropertyValueSpecification\",\"valueRequired\":true,\"valueName\":\"search_term_string\"}}],\"inLanguage\":\"de\"},{\"@type\":\"Organization\",\"@id\":\"https:\\\/\\\/ordersend.de\\\/v4\\\/#organization\",\"name\":\"OrderSend\",\"url\":\"https:\\\/\\\/ordersend.de\\\/v4\\\/\",\"logo\":{\"@type\":\"ImageObject\",\"inLanguage\":\"de\",\"@id\":\"https:\\\/\\\/ordersend.de\\\/v4\\\/#\\\/schema\\\/logo\\\/image\\\/\",\"url\":\"https:\\\/\\\/ordersend.de\\\/v4\\\/wp-content\\\/uploads\\\/ordersend_logo_2022_180_w.svg\",\"contentUrl\":\"https:\\\/\\\/ordersend.de\\\/v4\\\/wp-content\\\/uploads\\\/ordersend_logo_2022_180_w.svg\",\"width\":2080,\"height\":575,\"caption\":\"OrderSend\"},\"image\":{\"@id\":\"https:\\\/\\\/ordersend.de\\\/v4\\\/#\\\/schema\\\/logo\\\/image\\\/\"}}]}<\/script>\n<!-- \/ Yoast SEO plugin. -->","yoast_head_json":{"title":"Barcode Scan - OrderSend","robots":{"index":"index","follow":"follow","max-snippet":"max-snippet:-1","max-image-preview":"max-image-preview:large","max-video-preview":"max-video-preview:-1"},"canonical":"https:\/\/ordersend.de\/v4\/barcode-scan\/","og_locale":"de_DE","og_type":"article","og_title":"Barcode Scan - OrderSend","og_description":"Mit der App k\u00f6nnen Sie&nbsp;EAN13 und UPC-A Barcodes&nbsp;scannen. Dazu k\u00f6nnen Sie die Kamera des Mobiltelefons nutzen, aber auch einen externen Barcode-Scanner verwenden. Aufgrund der besseren Erkennungsrate und der zur Mobiltelefonkamera erh\u00f6hten Geschwindigkeit empfehlen wir die Nutzung von Barcode-Scannern. Sofern Sie OrderSend auf einem Mobiltelefon mit integrierter Kamera nutzen, welche der &hellip;","og_url":"https:\/\/ordersend.de\/v4\/barcode-scan\/","og_site_name":"OrderSend","article_modified_time":"2023-06-12T11:20:21+00:00","og_image":[{"url":"https:\/\/ordersend.de\/v4\/wp-content\/uploads\/bcscan.jpg","type":"","width":"","height":""}],"twitter_card":"summary_large_image","twitter_misc":{"Gesch\u00e4tzte Lesezeit":"4\u00a0Minuten"},"schema":{"@context":"https:\/\/schema.org","@graph":[{"@type":"WebPage","@id":"https:\/\/ordersend.de\/v4\/barcode-scan\/","url":"https:\/\/ordersend.de\/v4\/barcode-scan\/","name":"Barcode Scan - OrderSend","isPartOf":{"@id":"https:\/\/ordersend.de\/v4\/#website"},"primaryImageOfPage":{"@id":"https:\/\/ordersend.de\/v4\/barcode-scan\/#primaryimage"},"image":{"@id":"https:\/\/ordersend.de\/v4\/barcode-scan\/#primaryimage"},"thumbnailUrl":"https:\/\/ordersend.de\/v4\/wp-content\/uploads\/bcscan.jpg","datePublished":"2023-03-29T11:04:58+00:00","dateModified":"2023-06-12T11:20:21+00:00","breadcrumb":{"@id":"https:\/\/ordersend.de\/v4\/barcode-scan\/#breadcrumb"},"inLanguage":"de","potentialAction":[{"@type":"ReadAction","target":["https:\/\/ordersend.de\/v4\/barcode-scan\/"]}]},{"@type":"ImageObject","inLanguage":"de","@id":"https:\/\/ordersend.de\/v4\/barcode-scan\/#primaryimage","url":"https:\/\/ordersend.de\/v4\/wp-content\/uploads\/bcscan.jpg","contentUrl":"https:\/\/ordersend.de\/v4\/wp-content\/uploads\/bcscan.jpg","width":962,"height":795},{"@type":"BreadcrumbList","@id":"https:\/\/ordersend.de\/v4\/barcode-scan\/#breadcrumb","itemListElement":[{"@type":"ListItem","position":1,"name":"Startseite","item":"https:\/\/ordersend.de\/v4\/"},{"@type":"ListItem","position":2,"name":"Barcode Scan"}]},{"@type":"WebSite","@id":"https:\/\/ordersend.de\/v4\/#website","url":"https:\/\/ordersend.de\/v4\/","name":"OrderSend","description":"Ihre digitale Bestell-App","publisher":{"@id":"https:\/\/ordersend.de\/v4\/#organization"},"potentialAction":[{"@type":"SearchAction","target":{"@type":"EntryPoint","urlTemplate":"https:\/\/ordersend.de\/v4\/?s={search_term_string}"},"query-input":{"@type":"PropertyValueSpecification","valueRequired":true,"valueName":"search_term_string"}}],"inLanguage":"de"},{"@type":"Organization","@id":"https:\/\/ordersend.de\/v4\/#organization","name":"OrderSend","url":"https:\/\/ordersend.de\/v4\/","logo":{"@type":"ImageObject","inLanguage":"de","@id":"https:\/\/ordersend.de\/v4\/#\/schema\/logo\/image\/","url":"https:\/\/ordersend.de\/v4\/wp-content\/uploads\/ordersend_logo_2022_180_w.svg","contentUrl":"https:\/\/ordersend.de\/v4\/wp-content\/uploads\/ordersend_logo_2022_180_w.svg","width":2080,"height":575,"caption":"OrderSend"},"image":{"@id":"https:\/\/ordersend.de\/v4\/#\/schema\/logo\/image\/"}}]}},"_links":{"self":[{"href":"https:\/\/ordersend.de\/v4\/wp-json\/wp\/v2\/pages\/524","targetHints":{"allow":["GET"]}}],"collection":[{"href":"https:\/\/ordersend.de\/v4\/wp-json\/wp\/v2\/pages"}],"about":[{"href":"https:\/\/ordersend.de\/v4\/wp-json\/wp\/v2\/types\/page"}],"author":[{"embeddable":true,"href":"https:\/\/ordersend.de\/v4\/wp-json\/wp\/v2\/users\/1"}],"replies":[{"embeddable":true,"href":"https:\/\/ordersend.de\/v4\/wp-json\/wp\/v2\/comments?post=524"}],"version-history":[{"count":18,"href":"https:\/\/ordersend.de\/v4\/wp-json\/wp\/v2\/pages\/524\/revisions"}],"predecessor-version":[{"id":733,"href":"https:\/\/ordersend.de\/v4\/wp-json\/wp\/v2\/pages\/524\/revisions\/733"}],"wp:attachment":[{"href":"https:\/\/ordersend.de\/v4\/wp-json\/wp\/v2\/media?parent=524"}],"curies":[{"name":"wp","href":"https:\/\/api.w.org\/{rel}","templated":true}]}}